{"id":2082,"date":"2021-03-11T10:24:09","date_gmt":"2021-03-11T15:24:09","guid":{"rendered":"http:\/\/transitobucaramanga.gov.co\/dtb\/?page_id=2082"},"modified":"2023-12-18T09:57:32","modified_gmt":"2023-12-18T14:57:32","slug":"quienes-somos-dtb","status":"publish","type":"page","link":"https:\/\/transitobucaramanga.gov.co\/dtb\/quienes-somos-dtb","title":{"rendered":"Qui\u00e9nes Somos"},"content":{"rendered":"<p><div class=\"fusion-fullwidth fullwidth-box fusion-builder-row-1 fusion-flex-container nonhundred-percent-fullwidth non-hundred-percent-height-scrolling\" style=\"--awb-border-radius-top-left:0px;--awb-border-radius-top-right:0px;--awb-border-radius-bottom-right:0px;--awb-border-radius-bottom-left:0px;--awb-flex-wrap:wrap;\" ><div class=\"fusion-builder-row fusion-row fusion-flex-align-items-flex-start fusion-flex-align-content-center fusion-flex-content-wrap\" style=\"max-width:1248px;margin-left: calc(-4% \/ 2 );margin-right: calc(-4% \/ 2 );\"><div class=\"fusion-layout-column fusion_builder_column fusion-builder-column-0 fusion_builder_column_1_1 1_1 fusion-flex-column\" style=\"--awb-bg-size:cover;--awb-width-large:100%;--awb-margin-top-large:0px;--awb-spacing-right-large:1.92%;--awb-margin-bottom-large:20px;--awb-spacing-left-large:1.92%;--awb-width-medium:100%;--awb-order-medium:0;--awb-spacing-right-medium:1.92%;--awb-spacing-left-medium:1.92%;--awb-width-small:100%;--awb-order-small:0;--awb-spacing-right-small:1.92%;--awb-spacing-left-small:1.92%;\"><div class=\"fusion-column-wrapper fusion-column-has-shadow fusion-flex-justify-content-flex-start fusion-content-layout-column\"><nav class=\"fusion-breadcrumbs fusion-breadcrumbs-1\" style=\"--awb-breadcrumb-sep:&#039;\/&#039;;\" aria-label=\"Breadcrumb\"><ol class=\"awb-breadcrumb-list\"><li class=\"fusion-breadcrumb-item awb-breadcrumb-sep awb-home\" ><a href=\"https:\/\/transitobucaramanga.gov.co\/dtb\" class=\"fusion-breadcrumb-link\"><span >Home<\/span><\/a><\/li><\/ol><\/nav><div class=\"fusion-title title fusion-title-1 fusion-title-center fusion-title-text fusion-title-size-one\"><div class=\"title-sep-container title-sep-container-left\"><div class=\"title-sep sep- sep-solid\" style=\"border-color:#e0dede;\"><\/div><\/div><span class=\"awb-title-spacer\"><\/span><h1 class=\"fusion-title-heading title-heading-center\" style=\"margin:0;\">Qui\u00e9nes Somos<\/h1><span class=\"awb-title-spacer\"><\/span><div class=\"title-sep-container title-sep-container-right\"><div class=\"title-sep sep- sep-solid\" style=\"border-color:#e0dede;\"><\/div><\/div><\/div><div class=\"fusion-separator fusion-full-width-sep\" style=\"align-self: center;margin-left: auto;margin-right: auto;width:100%;\"><div class=\"fusion-separator-border sep-shadow\" style=\"--awb-height:20px;--awb-amount:20px;background:radial-gradient(ellipse at 50% -50% , #e0dede 0px, rgba(255, 255, 255, 0) 80%) repeat scroll 0 0 rgba(0, 0, 0, 0);background:-webkit-radial-gradient(ellipse at 50% -50% , #e0dede 0px, rgba(255, 255, 255, 0) 80%) repeat scroll 0 0 rgba(0, 0, 0, 0);background:-moz-radial-gradient(ellipse at 50% -50% , #e0dede 0px, rgba(255, 255, 255, 0) 80%) repeat scroll 0 0 rgba(0, 0, 0, 0);background:-o-radial-gradient(ellipse at 50% -50% , #e0dede 0px, rgba(255, 255, 255, 0) 80%) repeat scroll 0 0 rgba(0, 0, 0, 0);\"><\/div><\/div><div class=\"fusion-builder-row fusion-builder-row-inner fusion-row fusion-flex-align-items-flex-start fusion-flex-align-content-center fusion-flex-content-wrap\" style=\"width:104% !important;max-width:104% !important;margin-left: calc(-4% \/ 2 );margin-right: calc(-4% \/ 2 );\"><div class=\"fusion-layout-column fusion_builder_column_inner fusion-builder-nested-column-0 fusion_builder_column_inner_1_1 1_1 fusion-flex-column\" style=\"--awb-bg-size:cover;--awb-width-large:100%;--awb-margin-top-large:0px;--awb-spacing-right-large:1.92%;--awb-margin-bottom-large:20px;--awb-spacing-left-large:1.92%;--awb-width-medium:100%;--awb-order-medium:0;--awb-spacing-right-medium:1.92%;--awb-spacing-left-medium:1.92%;--awb-width-small:100%;--awb-order-small:0;--awb-spacing-right-small:1.92%;--awb-spacing-left-small:1.92%;\"><div class=\"fusion-column-wrapper fusion-column-has-shadow fusion-flex-justify-content-flex-start fusion-content-layout-column\"><\/div><\/div><\/div><\/div><\/div><div class=\"fusion-layout-column fusion_builder_column fusion-builder-column-1 fusion_builder_column_1_1 1_1 fusion-flex-column\" style=\"--awb-bg-size:cover;--awb-width-large:100%;--awb-margin-top-large:0px;--awb-spacing-right-large:1.92%;--awb-margin-bottom-large:20px;--awb-spacing-left-large:1.92%;--awb-width-medium:100%;--awb-order-medium:0;--awb-spacing-right-medium:1.92%;--awb-spacing-left-medium:1.92%;--awb-width-small:100%;--awb-order-small:0;--awb-spacing-right-small:1.92%;--awb-spacing-left-small:1.92%;\"><div class=\"fusion-column-wrapper fusion-column-has-shadow fusion-flex-justify-content-flex-start fusion-content-layout-column\"><div class=\"fusion-flip-boxes flip-boxes row fusion-columns-3 flip-effect-classic\"><div class=\"fusion-flip-box-wrapper fusion-column col-lg-4 col-md-4 col-sm-4\"><div class=\"fusion-flip-box flip-right\" tabindex=\"0\"><div class=\"flip-box-inner-wrapper\"><div class=\"flip-box-front\" style=\"--awb-title-front-color:#3b4251;--awb-text-front-color:#3b4251;\"><div class=\"flip-box-front-inner\"><h2 class=\"flip-box-heading\">Estructura Org\u00e1nica<\/h2>Organigrama<\/div><\/div><div class=\"flip-box-back\" style=\"--awb-background-color-back:#e0f7dd;--awb-title-back-color:#3b4251;--awb-text-back-color:#3b4251;\"><div class=\"flip-box-back-inner\"><h3 class=\"flip-box-heading-back\">Estructura Org\u00e1nica<\/h3>\n<p><a href=\"https:\/\/transitobucaramanga.gov.co\/dtb\/transparencia\/informacion-de-la-entidad\/estructura-organica-organigrama\/\">Ver p\u00e1gina web<\/a><\/p>\n<\/div><\/div><\/div><\/div><\/div><div class=\"fusion-flip-box-wrapper fusion-column col-lg-4 col-md-4 col-sm-4\"><div class=\"fusion-flip-box flip-right\" tabindex=\"0\"><div class=\"flip-box-inner-wrapper\"><div class=\"flip-box-front\" style=\"--awb-title-front-color:#3b4251;--awb-text-front-color:#3b4251;\"><div class=\"flip-box-front-inner\"><h2 class=\"flip-box-heading\">Filosof\u00eda Institucional<\/h2>Misi\u00f3n - Visi\u00f3n - Funciones y Deberes - Valores y Principios Corporativos<\/div><\/div><div class=\"flip-box-back\" style=\"--awb-background-color-back:#e0f7dd;--awb-title-back-color:#3b4251;--awb-text-back-color:#3b4251;\"><div class=\"flip-box-back-inner\"><h3 class=\"flip-box-heading-back\">Filosof\u00eda Institucional<\/h3>\n<p><a href=\"https:\/\/transitobucaramanga.gov.co\/dtb\/transparencia\/informacion-de-la-entidad\/mision-vision-funciones-y-deberes\/\">Ver p\u00e1gina<\/a><\/p>\n<\/div><\/div><\/div><\/div><\/div><div class=\"fusion-flip-box-wrapper fusion-column col-lg-4 col-md-4 col-sm-4\"><div class=\"fusion-flip-box flip-right\" tabindex=\"0\"><div class=\"flip-box-inner-wrapper\"><div class=\"flip-box-front\" style=\"--awb-title-front-color:#3b4251;--awb-text-front-color:#3b4251;\"><div class=\"flip-box-front-inner\"><h2 class=\"flip-box-heading\">Nuestra Entidad<\/h2>Rese\u00f1a Hist\u00f3rica<\/div><\/div><div class=\"flip-box-back\" style=\"--awb-background-color-back:#e0f7dd;--awb-title-back-color:#3b4251;--awb-text-back-color:#3b4251;\"><div class=\"flip-box-back-inner\"><h3 class=\"flip-box-heading-back\">Nuestra Entidad<\/h3>\n<p><a href=\"https:\/\/transitobucaramanga.gov.co\/dtb\/nuestra-entidad\/\">Rese\u00f1a Hist\u00f3rica<\/a><\/p>\n<\/div><\/div><\/div><\/div><\/div><\/div><div class=\"fusion-flip-boxes flip-boxes row fusion-columns-2 flip-effect-classic\"><div class=\"fusion-flip-box-wrapper fusion-column col-lg-6 col-md-6 col-sm-6\"><div class=\"fusion-flip-box flip-right\" tabindex=\"0\"><div class=\"flip-box-inner-wrapper\"><div class=\"flip-box-front\" style=\"--awb-title-front-color:#3b4251;--awb-text-front-color:#3b4251;\"><div class=\"flip-box-front-inner\"><h2 class=\"flip-box-heading\">Normatividad<\/h2>Acuerdos - Resoluciones - Informaci\u00f3n Contractual - Estatutos<\/div><\/div><div class=\"flip-box-back\" style=\"--awb-background-color-back:#e0f7dd;--awb-title-back-color:#3b4251;--awb-text-back-color:#3b4251;\"><div class=\"flip-box-back-inner\"><h3 class=\"flip-box-heading-back\">Normatividad<\/h3>\n<p><a href=\"https:\/\/transitobucaramanga.gov.co\/dtb\/transparencia\/normativa\/normativa-aplicable\/\">Ver p\u00e1gina<\/a><\/p>\n<\/div><\/div><\/div><\/div><\/div><div class=\"fusion-flip-box-wrapper fusion-column col-lg-6 col-md-6 col-sm-6\"><div class=\"fusion-flip-box flip-right\" tabindex=\"0\"><div class=\"flip-box-inner-wrapper\"><div class=\"flip-box-front\" style=\"--awb-title-front-color:#3b4251;--awb-text-front-color:#3b4251;\"><div class=\"flip-box-front-inner\"><h2 class=\"flip-box-heading\">Sistema Integrado de Gesti\u00f3n<\/h2>Pol\u00edtica - Objetivos - Mapa de Procesos - Certificados ISO<\/div><\/div><div class=\"flip-box-back\" style=\"--awb-background-color-back:#e0f7dd;--awb-title-back-color:#3b4251;--awb-text-back-color:#3b4251;\"><div class=\"flip-box-back-inner\"><h3 class=\"flip-box-heading-back\">Sistema Integrado de Gesti\u00f3n<\/h3>\n<p><a href=\"https:\/\/transitobucaramanga.gov.co\/dtb\/sistema-integrado-de-gestion\/\">Pol\u00edtica &#8211; Objetivos &#8211; Mapa de Procesos &#8211; Certificados ISO<\/a><\/p>\n<\/div><\/div><\/div><\/div><\/div><div class=\"fusion-flip-box-wrapper fusion-column col-lg-6 col-md-6 col-sm-6\"><div class=\"fusion-flip-box flip-right\" tabindex=\"0\"><div class=\"flip-box-inner-wrapper\"><div class=\"flip-box-front\" style=\"--awb-title-front-color:#3b4251;--awb-text-front-color:#3b4251;\"><div class=\"flip-box-front-inner\"><h2 class=\"flip-box-heading\">Directorio Institucional<\/h2>Directorio de Dependencias - Puntos de Atenci\u00f3n - Oficinas Externas<\/div><\/div><div class=\"flip-box-back\" style=\"--awb-background-color-back:#e0f7dd;--awb-title-back-color:#3b4251;--awb-text-back-color:#3b4251;\"><div class=\"flip-box-back-inner\"><h3 class=\"flip-box-heading-back\">Directorio Institucional<\/h3>\n<p><a href=\"https:\/\/transitobucaramanga.gov.co\/dtb\/transparencia\/informacion-de-la-entidad\/directorio-institucional\/\">Ver p\u00e1gina<\/a><\/p>\n<\/div><\/div><\/div><\/div><\/div><div class=\"fusion-flip-box-wrapper fusion-column col-lg-6 col-md-6 col-sm-6\"><div class=\"fusion-flip-box flip-right\" tabindex=\"0\"><div class=\"flip-box-inner-wrapper\"><div class=\"flip-box-front\" style=\"--awb-title-front-color:#3b4251;--awb-text-front-color:#3b4251;\"><div class=\"flip-box-front-inner\"><h2 class=\"flip-box-heading\">Plan de Desarrollo<\/h2>Bucaramanga ciudad de desarrollo, Plan de Desarrollo 2020-2023<\/div><\/div><div class=\"flip-box-back\" style=\"--awb-background-color-back:#e0f7dd;--awb-title-back-color:#3b4251;--awb-text-back-color:#3b4251;\"><div class=\"flip-box-back-inner\"><h3 class=\"flip-box-heading-back\">Plan de Desarrollo<\/h3>\n<p><a href=\"https:\/\/transitobucaramanga.gov.co\/dtb\/wp-content\/uploads\/2021\/05\/Plan-de-Desarrollo-2020-2023.pdf\" target=\"_blank\" rel=\"noopener\">Ver p\u00e1gina<\/a><\/p>\n<\/div><\/div><\/div><\/div><\/div><div class=\"fusion-flip-box-wrapper fusion-column col-lg-6 col-md-6 col-sm-6\"><div class=\"fusion-flip-box flip-right\" tabindex=\"0\"><div class=\"flip-box-inner-wrapper\"><div class=\"flip-box-front\" style=\"--awb-title-front-color:#3b4251;--awb-text-front-color:#3b4251;\"><div class=\"flip-box-front-inner\"><h2 class=\"flip-box-heading\">Gesti\u00f3n Documental<\/h2>Lineamientos para los procesos y programa de Gesti\u00f3n Documental - Tablas de Retenci\u00f3n Documental<\/div><\/div><div class=\"flip-box-back\" style=\"--awb-background-color-back:#e0f7dd;--awb-title-back-color:#3b4251;--awb-text-back-color:#3b4251;\"><div class=\"flip-box-back-inner\"><h3 class=\"flip-box-heading-back\">Gesti\u00f3n Documental<\/h3>\n<p><a href=\"https:\/\/transitobucaramanga.gov.co\/dtb\/transparencia\/datos-abiertos\/\" rel=\"noopener\">Ver p\u00e1gina<\/a><\/p>\n<\/div><\/div><\/div><\/div><\/div><div class=\"fusion-flip-box-wrapper fusion-column col-lg-6 col-md-6 col-sm-6\"><div class=\"fusion-flip-box flip-right\" tabindex=\"0\"><div class=\"flip-box-inner-wrapper\"><div class=\"flip-box-front\" style=\"--awb-title-front-color:#3b4251;--awb-text-front-color:#3b4251;\"><div class=\"flip-box-front-inner\"><h2 class=\"flip-box-heading\">Equipo Directivo<\/h2>Funcionarios administrativos, directivos y jefes de oficina<\/div><\/div><div class=\"flip-box-back\" style=\"--awb-background-color-back:#e0f7dd;--awb-title-back-color:#3b4251;--awb-text-back-color:#3b4251;\"><div class=\"flip-box-back-inner\"><h3 class=\"flip-box-heading-back\">Equipo Directivo<\/h3>\n<p><a href=\"https:\/\/transitobucaramanga.gov.co\/dtb\/quienes-somos\/equipo-directivo\/\" rel=\"noopener\">Ver p\u00e1gina<\/a><\/p>\n<\/div><\/div><\/div><\/div><\/div><\/div><\/div><\/div><div class=\"fusion-layout-column fusion_builder_column fusion-builder-column-2 fusion_builder_column_1_3 1_3 fusion-flex-column\" style=\"--awb-bg-size:cover;--awb-width-large:33.333333333333%;--awb-margin-top-large:0px;--awb-spacing-right-large:5.76%;--awb-margin-bottom-large:20px;--awb-spacing-left-large:5.76%;--awb-width-medium:100%;--awb-order-medium:0;--awb-spacing-right-medium:1.92%;--awb-spacing-left-medium:1.92%;--awb-width-small:100%;--awb-order-small:0;--awb-spacing-right-small:1.92%;--awb-spacing-left-small:1.92%;\"><div class=\"fusion-column-wrapper fusion-column-has-shadow fusion-flex-justify-content-flex-start fusion-content-layout-column\"><div class=\"fusion-flip-boxes flip-boxes row fusion-columns-1 flip-effect-classic\"><div class=\"fusion-flip-box-wrapper fusion-column col-lg-12 col-md-12 col-sm-12\"><div class=\"fusion-flip-box flip-right\" tabindex=\"0\"><div class=\"flip-box-inner-wrapper\"><div class=\"flip-box-front\"><div class=\"flip-box-front-inner\"><h2 class=\"flip-box-heading\">Cultura Vial<\/h2>Normas de convivencia, Cultura Vial y Tr\u00e1nsito en mi comuna<\/div><\/div><div class=\"flip-box-back\"><div class=\"flip-box-back-inner\"><h3 class=\"flip-box-heading-back\">Cultura Vial<\/h3>\n<p><a href=\"https:\/\/transitobucaramanga.gov.co\/dtb\/atencion-y-servicios-a-la-ciudadania\/cultura-vial\/\">Ver p\u00e1gina<\/a><\/p>\n<\/div><\/div><\/div><\/div><\/div><\/div><\/div><\/div><div class=\"fusion-layout-column fusion_builder_column fusion-builder-column-3 fusion_builder_column_1_3 1_3 fusion-flex-column\" style=\"--awb-bg-size:cover;--awb-width-large:33.333333333333%;--awb-margin-top-large:0px;--awb-spacing-right-large:5.76%;--awb-margin-bottom-large:20px;--awb-spacing-left-large:5.76%;--awb-width-medium:100%;--awb-order-medium:0;--awb-spacing-right-medium:1.92%;--awb-spacing-left-medium:1.92%;--awb-width-small:100%;--awb-order-small:0;--awb-spacing-right-small:1.92%;--awb-spacing-left-small:1.92%;\"><div class=\"fusion-column-wrapper fusion-column-has-shadow fusion-flex-justify-content-flex-start fusion-content-layout-column\"><div class=\"fusion-flip-boxes flip-boxes row fusion-columns-1 flip-effect-classic\"><div class=\"fusion-flip-box-wrapper fusion-column col-lg-12 col-md-12 col-sm-12\"><div class=\"fusion-flip-box flip-right\" tabindex=\"0\"><div class=\"flip-box-inner-wrapper\"><div class=\"flip-box-front\"><div class=\"flip-box-front-inner\"><h2 class=\"flip-box-heading\">Ejecuciones Fiscales<\/h2>Acuerdos de pago y procesos de chatarrizaci\u00f3n<\/div><\/div><div class=\"flip-box-back\"><div class=\"flip-box-back-inner\"><h3 class=\"flip-box-heading-back\">Ejecuciones Fiscales<\/h3>\n<p><a href=\"https:\/\/transitobucaramanga.gov.co\/dtb\/atencion-y-servicios-a-la-ciudadania\/ejecuciones-fiscales\/\">Ver p\u00e1gina<\/a><\/p>\n<\/div><\/div><\/div><\/div><\/div><\/div><\/div><\/div><div class=\"fusion-layout-column fusion_builder_column fusion-builder-column-4 fusion_builder_column_1_3 1_3 fusion-flex-column\" style=\"--awb-bg-size:cover;--awb-width-large:33.333333333333%;--awb-margin-top-large:0px;--awb-spacing-right-large:5.76%;--awb-margin-bottom-large:20px;--awb-spacing-left-large:5.76%;--awb-width-medium:100%;--awb-order-medium:0;--awb-spacing-right-medium:1.92%;--awb-spacing-left-medium:1.92%;--awb-width-small:100%;--awb-order-small:0;--awb-spacing-right-small:1.92%;--awb-spacing-left-small:1.92%;\"><div class=\"fusion-column-wrapper fusion-column-has-shadow fusion-flex-justify-content-flex-start fusion-content-layout-column\"><div class=\"fusion-flip-boxes flip-boxes row fusion-columns-1 flip-effect-classic\"><div class=\"fusion-flip-box-wrapper fusion-column col-lg-12 col-md-12 col-sm-12\"><div class=\"fusion-flip-box flip-right\" tabindex=\"0\"><div class=\"flip-box-inner-wrapper\"><div class=\"flip-box-front\"><div class=\"flip-box-front-inner\"><h2 class=\"flip-box-heading\">Registro Automotor<\/h2>Comunicados<\/div><\/div><div class=\"flip-box-back\"><div class=\"flip-box-back-inner\"><h3 class=\"flip-box-heading-back\">Registro Automotor<\/h3>\n<p><a href=\"https:\/\/transitobucaramanga.gov.co\/dtb\/atencion-y-servicios-a-la-ciudadania\/registro-automotor\/\">Ver p\u00e1gina<\/a><\/p>\n<\/div><\/div><\/div><\/div><\/div><\/div><\/div><\/div><div class=\"fusion-layout-column fusion_builder_column fusion-builder-column-5 fusion_builder_column_1_3 1_3 fusion-flex-column\" style=\"--awb-bg-size:cover;--awb-width-large:33.333333333333%;--awb-margin-top-large:0px;--awb-spacing-right-large:5.76%;--awb-margin-bottom-large:20px;--awb-spacing-left-large:5.76%;--awb-width-medium:100%;--awb-order-medium:0;--awb-spacing-right-medium:1.92%;--awb-spacing-left-medium:1.92%;--awb-width-small:100%;--awb-order-small:0;--awb-spacing-right-small:1.92%;--awb-spacing-left-small:1.92%;\"><div class=\"fusion-column-wrapper fusion-column-has-shadow fusion-flex-justify-content-flex-start fusion-content-layout-column\"><div class=\"fusion-flip-boxes flip-boxes row fusion-columns-1 flip-effect-classic\"><div class=\"fusion-flip-box-wrapper fusion-column col-lg-12 col-md-12 col-sm-12\"><div class=\"fusion-flip-box flip-right\" tabindex=\"0\"><div class=\"flip-box-inner-wrapper\"><div class=\"flip-box-front\"><div class=\"flip-box-front-inner\"><h2 class=\"flip-box-heading\">Planeamiento Vial<\/h2>Semaforizaci\u00f3n, Se\u00f1alizaci\u00f3n<\/div><\/div><div class=\"flip-box-back\"><div class=\"flip-box-back-inner\"><h3 class=\"flip-box-heading-back\">Planeamiento Vial<\/h3>\n<p><a href=\"https:\/\/transitobucaramanga.gov.co\/dtb\/quienes-somos\/planeamiento-vial\/\">Ver p\u00e1gina<\/a><\/p>\n<\/div><\/div><\/div><\/div><\/div><\/div><\/div><\/div><\/div><\/div><div class=\"fusion-fullwidth fullwidth-box fusion-builder-row-2 fusion-flex-container nonhundred-percent-fullwidth non-hundred-percent-height-scrolling\" style=\"--awb-border-radius-top-left:0px;--awb-border-radius-top-right:0px;--awb-border-radius-bottom-right:0px;--awb-border-radius-bottom-left:0px;--awb-flex-wrap:wrap;\" ><div class=\"fusion-builder-row fusion-row fusion-flex-align-items-flex-start fusion-flex-content-wrap\" style=\"max-width:1248px;margin-left: calc(-4% \/ 2 );margin-right: calc(-4% \/ 2 );\"><\/div><\/div><\/p>\n","protected":false},"excerpt":{"rendered":"","protected":false},"author":1,"featured_media":0,"parent":0,"menu_order":0,"comment_status":"closed","ping_status":"closed","template":"","meta":{"footnotes":""},"class_list":["post-2082","page","type-page","status-publish","hentry"],"jetpack_sharing_enabled":true,"_links":{"self":[{"href":"https:\/\/transitobucaramanga.gov.co\/dtb\/wp-json\/wp\/v2\/pages\/2082","targetHints":{"allow":["GET"]}}],"collection":[{"href":"https:\/\/transitobucaramanga.gov.co\/dtb\/wp-json\/wp\/v2\/pages"}],"about":[{"href":"https:\/\/transitobucaramanga.gov.co\/dtb\/wp-json\/wp\/v2\/types\/page"}],"author":[{"embeddable":true,"href":"https:\/\/transitobucaramanga.gov.co\/dtb\/wp-json\/wp\/v2\/users\/1"}],"replies":[{"embeddable":true,"href":"https:\/\/transitobucaramanga.gov.co\/dtb\/wp-json\/wp\/v2\/comments?post=2082"}],"version-history":[{"count":51,"href":"https:\/\/transitobucaramanga.gov.co\/dtb\/wp-json\/wp\/v2\/pages\/2082\/revisions"}],"predecessor-version":[{"id":8886,"href":"https:\/\/transitobucaramanga.gov.co\/dtb\/wp-json\/wp\/v2\/pages\/2082\/revisions\/8886"}],"wp:attachment":[{"href":"https:\/\/transitobucaramanga.gov.co\/dtb\/wp-json\/wp\/v2\/media?parent=2082"}],"curies":[{"name":"wp","href":"https:\/\/api.w.org\/{rel}","templated":true}]}}