{"id":2674,"date":"2021-04-09T11:43:28","date_gmt":"2021-04-09T16:43:28","guid":{"rendered":"http:\/\/transitobucaramanga.gov.co\/dtb\/?page_id=2674"},"modified":"2021-06-04T12:47:04","modified_gmt":"2021-06-04T17:47:04","slug":"ejecuciones-fiscales","status":"publish","type":"page","link":"https:\/\/transitobucaramanga.gov.co\/dtb\/quienes-somos-dtb\/ejecuciones-fiscales","title":{"rendered":"Ejecuciones Fiscales"},"content":{"rendered":"<p><div class=\"fusion-fullwidth fullwidth-box fusion-builder-row-1 fusion-flex-container nonhundred-percent-fullwidth non-hundred-percent-height-scrolling\" style=\"--awb-border-radius-top-left:0px;--awb-border-radius-top-right:0px;--awb-border-radius-bottom-right:0px;--awb-border-radius-bottom-left:0px;--awb-flex-wrap:wrap;\" ><div class=\"fusion-builder-row fusion-row fusion-flex-align-items-flex-start fusion-flex-content-wrap\" style=\"max-width:1248px;margin-left: calc(-4% \/ 2 );margin-right: calc(-4% \/ 2 );\"><div class=\"fusion-layout-column fusion_builder_column fusion-builder-column-0 fusion_builder_column_1_1 1_1 fusion-flex-column\" style=\"--awb-bg-size:cover;--awb-width-large:100%;--awb-margin-top-large:0px;--awb-spacing-right-large:1.92%;--awb-margin-bottom-large:20px;--awb-spacing-left-large:1.92%;--awb-width-medium:100%;--awb-order-medium:0;--awb-spacing-right-medium:1.92%;--awb-spacing-left-medium:1.92%;--awb-width-small:100%;--awb-order-small:0;--awb-spacing-right-small:1.92%;--awb-spacing-left-small:1.92%;\"><div class=\"fusion-column-wrapper fusion-column-has-shadow fusion-flex-justify-content-flex-start fusion-content-layout-column\"><nav class=\"fusion-breadcrumbs fusion-breadcrumbs-1\" style=\"--awb-breadcrumb-sep:&#039;\/&#039;;\" aria-label=\"Breadcrumb\"><ol class=\"awb-breadcrumb-list\"><li class=\"fusion-breadcrumb-item awb-breadcrumb-sep awb-home\" ><a href=\"https:\/\/transitobucaramanga.gov.co\/dtb\" class=\"fusion-breadcrumb-link\"><span >Home<\/span><\/a><\/li><\/ol><\/nav><\/div><\/div><\/div><\/div><div class=\"fusion-fullwidth fullwidth-box fusion-builder-row-2 fusion-flex-container nonhundred-percent-fullwidth non-hundred-percent-height-scrolling\" style=\"--awb-border-radius-top-left:0px;--awb-border-radius-top-right:0px;--awb-border-radius-bottom-right:0px;--awb-border-radius-bottom-left:0px;--awb-flex-wrap:wrap;\" ><div class=\"fusion-builder-row fusion-row fusion-flex-align-items-flex-start fusion-flex-content-wrap\" style=\"max-width:1248px;margin-left: calc(-4% \/ 2 );margin-right: calc(-4% \/ 2 );\"><div class=\"fusion-layout-column fusion_builder_column fusion-builder-column-1 fusion_builder_column_1_1 1_1 fusion-flex-column\" style=\"--awb-bg-size:cover;--awb-width-large:100%;--awb-margin-top-large:0px;--awb-spacing-right-large:1.92%;--awb-margin-bottom-large:20px;--awb-spacing-left-large:1.92%;--awb-width-medium:100%;--awb-order-medium:0;--awb-spacing-right-medium:1.92%;--awb-spacing-left-medium:1.92%;--awb-width-small:100%;--awb-order-small:0;--awb-spacing-right-small:1.92%;--awb-spacing-left-small:1.92%;\"><div class=\"fusion-column-wrapper fusion-column-has-shadow fusion-flex-justify-content-flex-start fusion-content-layout-column\"><div class=\"fusion-title title fusion-title-1 fusion-title-center fusion-title-text fusion-title-size-one\" style=\"--awb-margin-top-small:0px;--awb-margin-right-small:0px;--awb-margin-bottom-small:20px;--awb-margin-left-small:0px;\"><div class=\"title-sep-container title-sep-container-left\"><div class=\"title-sep sep- sep-solid\" style=\"border-color:#e0dede;\"><\/div><\/div><span class=\"awb-title-spacer\"><\/span><h1 class=\"fusion-title-heading title-heading-center\" style=\"margin:0;\">Ejecuciones <span style=\"color: #32ba3d;\">Fiscales<\/span><\/h1><span class=\"awb-title-spacer\"><\/span><div class=\"title-sep-container title-sep-container-right\"><div class=\"title-sep sep- sep-solid\" style=\"border-color:#e0dede;\"><\/div><\/div><\/div><\/div><\/div><\/div><\/div><div class=\"fusion-fullwidth fullwidth-box fusion-builder-row-3 fusion-flex-container nonhundred-percent-fullwidth non-hundred-percent-height-scrolling\" style=\"--awb-border-radius-top-left:0px;--awb-border-radius-top-right:0px;--awb-border-radius-bottom-right:0px;--awb-border-radius-bottom-left:0px;--awb-flex-wrap:wrap;\" ><div class=\"fusion-builder-row fusion-row fusion-flex-align-items-flex-start fusion-flex-content-wrap\" style=\"max-width:1248px;margin-left: calc(-4% \/ 2 );margin-right: calc(-4% \/ 2 );\"><div class=\"fusion-layout-column fusion_builder_column fusion-builder-column-2 fusion_builder_column_1_1 1_1 fusion-flex-column\" style=\"--awb-bg-size:cover;--awb-width-large:100%;--awb-margin-top-large:0px;--awb-spacing-right-large:1.92%;--awb-margin-bottom-large:20px;--awb-spacing-left-large:1.92%;--awb-width-medium:100%;--awb-order-medium:0;--awb-spacing-right-medium:1.92%;--awb-spacing-left-medium:1.92%;--awb-width-small:100%;--awb-order-small:0;--awb-spacing-right-small:1.92%;--awb-spacing-left-small:1.92%;\"><div class=\"fusion-column-wrapper fusion-column-has-shadow fusion-flex-justify-content-flex-start fusion-content-layout-column\"><div class=\"fusion-title title fusion-title-2 fusion-title-center fusion-title-text fusion-title-size-two\" style=\"--awb-margin-top-small:0px;--awb-margin-right-small:0px;--awb-margin-bottom-small:20px;--awb-margin-left-small:0px;\"><div class=\"title-sep-container title-sep-container-left\"><div class=\"title-sep sep- sep-solid\" style=\"border-color:#e0dede;\"><\/div><\/div><span class=\"awb-title-spacer\"><\/span><h2 class=\"fusion-title-heading title-heading-center\" style=\"margin:0;\">Acuerdos de Pago<\/h2><span class=\"awb-title-spacer\"><\/span><div class=\"title-sep-container title-sep-container-right\"><div class=\"title-sep sep- sep-solid\" style=\"border-color:#e0dede;\"><\/div><\/div><\/div><div class=\"fusion-text fusion-text-1\"><div style=\"text-align: justify;\">La Direcci\u00f3n de Tr\u00e1nsito de Bucaramanga en aras de brindar un mejor servicio ofrece la posibilidad de realizar Acuerdos de Pago, por lo que nos permitimos informarle que es indispensable cumplir con los requisitos establecidos en la Ley 1066 del 2006 reglamentada por el Decreto 4473 de 2006, as\u00ed como la resoluci\u00f3n 133 de 2016 (Reglamento Interno Recaudo De Cartera), en donde se estipula que para la suscripci\u00f3n de Acuerdos de pago se exigir\u00e1, en cualquier caso el pago de una cuota inicial, del monto total de la deuda incluidos los intereses, susceptible de variar de acuerdo con el flujo de caja del deudor o al estado del proceso que contra \u00e9l se adelante, teniendo en cuenta que la garant\u00eda deber\u00e1 ser igual o superior al monto adeudado.<\/div>\n<div><\/div>\n<\/div><div class=\"fusion-separator fusion-full-width-sep\" style=\"align-self: center;margin-left: auto;margin-right: auto;width:100%;\"><div class=\"fusion-separator-border sep-double\" style=\"--awb-height:20px;--awb-amount:20px;border-color:#e0dede;border-top-width:1px;border-bottom-width:1px;\"><\/div><\/div><div class=\"fusion-title title fusion-title-3 fusion-title-text fusion-title-size-two\" style=\"--awb-margin-top-small:0px;--awb-margin-right-small:0px;--awb-margin-bottom-small:20px;--awb-margin-left-small:0px;\"><div class=\"title-sep-container title-sep-container-left fusion-no-large-visibility fusion-no-medium-visibility fusion-no-small-visibility\"><div class=\"title-sep sep- sep-solid\" style=\"border-color:#e0dede;\"><\/div><\/div><span class=\"awb-title-spacer fusion-no-large-visibility fusion-no-medium-visibility fusion-no-small-visibility\"><\/span><h2 class=\"fusion-title-heading title-heading-left\" style=\"margin:0;\">Requisitos Generales<\/h2><span class=\"awb-title-spacer\"><\/span><div class=\"title-sep-container title-sep-container-right\"><div class=\"title-sep sep- sep-solid\" style=\"border-color:#e0dede;\"><\/div><\/div><\/div><div class=\"fusion-text fusion-text-2\"><div style=\"text-align: justify;\">\n<ul>\n<li>Todos los documentos aportados como garant\u00eda de pago, deben estar en original, con fecha de expedici\u00f3n menor a 30 d\u00edas calendario.<\/li>\n<li>Presentar el estado de cuenta con la Liquidaci\u00f3n de la deuda proyectada al mismo d\u00eda en que se vaya a realizar el acuerdo de pago (solicitar ficho en atenci\u00f3n al cliente, primer piso).<\/li>\n<li>Fotocopia de la c\u00e9dula de ciudadan\u00eda del deudor y del codeudor.<\/li>\n<li>En caso de ser persona jur\u00eddica, el representante legal aportar\u00e1, certificado de existencia y representaci\u00f3n legal vigente (con fecha de expedici\u00f3n menor a 30 d\u00edas calendario), donde conste nombre y documento de identificaci\u00f3n del representante legal.<\/li>\n<li>En caso de que el codeudor sea una persona jur\u00eddica (empresa), debe asistir el representante legal con el certificado de existencia y representaci\u00f3n legal de la empresa y los extractos bancarios del \u00faltimo trimestre.<\/li>\n<li>Adem\u00e1s de los requisitos generales, deber\u00e1 aportar ALGUNO de los siguientes documentos como garant\u00eda de pago:<\/li>\n<\/ul>\n<p>Garant\u00edas admitidas:<\/p>\n<\/div>\n<\/div><div class=\"fusion-text fusion-text-3\"><div style=\"text-align: justify;\">\n<ol>\n<li style=\"text-align: justify;\">Cuando la garant\u00eda es Personal: El codeudor debe presentar Ingresos, Certificado laboral en papeler\u00eda oficial (con membrete, direcci\u00f3n, tel\u00e9fono y NIT de la empresa), firmado por el competente del \u00e1rea administrativa responsable de n\u00f3mina o de talento humano, indicando monto del salario, tipo de contrato y tiempo de servicio del codeudor.<\/li>\n<li style=\"text-align: justify;\">Bien mueble \u201cveh\u00edculo o motocicleta\u201d se requiere original y copia de la licencia de tr\u00e1nsito.<\/li>\n<li style=\"text-align: justify;\">Cuando la garant\u00eda es un establecimiento comercial: (almac\u00e9n, papeler\u00eda, caf\u00e9 internet u otro), anexar el certificado de la C\u00e1mara de Comercio, el cual debe estar con fecha de expedici\u00f3n menor a 30 d\u00edas calendario.<\/li>\n<li style=\"text-align: justify;\">Cuando el codeudor es trabajador independiente: Presentar los extractos bancarios del \u00faltimo trimestre, certificado de ingresos expedido por Contador P\u00fablico, adjuntando fotocopia de la tarjeta profesional.<\/li>\n<\/ol>\n<\/div>\n<\/div><\/div><\/div><\/div><\/div><div class=\"fusion-fullwidth fullwidth-box fusion-builder-row-4 fusion-flex-container nonhundred-percent-fullwidth non-hundred-percent-height-scrolling\" style=\"--awb-border-radius-top-left:0px;--awb-border-radius-top-right:0px;--awb-border-radius-bottom-right:0px;--awb-border-radius-bottom-left:0px;--awb-flex-wrap:wrap;\" ><div class=\"fusion-builder-row fusion-row fusion-flex-align-items-flex-start fusion-flex-content-wrap\" style=\"max-width:1248px;margin-left: calc(-4% \/ 2 );margin-right: calc(-4% \/ 2 );\"><div class=\"fusion-layout-column fusion_builder_column fusion-builder-column-3 fusion_builder_column_1_1 1_1 fusion-flex-column\" style=\"--awb-bg-size:cover;--awb-width-large:100%;--awb-margin-top-large:0px;--awb-spacing-right-large:1.92%;--awb-margin-bottom-large:20px;--awb-spacing-left-large:1.92%;--awb-width-medium:100%;--awb-order-medium:0;--awb-spacing-right-medium:1.92%;--awb-spacing-left-medium:1.92%;--awb-width-small:100%;--awb-order-small:0;--awb-spacing-right-small:1.92%;--awb-spacing-left-small:1.92%;\"><div class=\"fusion-column-wrapper fusion-column-has-shadow fusion-flex-justify-content-flex-start fusion-content-layout-column\"><div style=\"text-align:center;\"><a class=\"fusion-button button-3d button-xlarge button-orange fusion-button-orange button-1 fusion-button-default-span \" style=\"--button_text_transform:none;\" target=\"_blank\" rel=\"noopener noreferrer\" href=\"https:\/\/transitobucaramanga.gov.co\/resolucion\/archivos\/729-12-2014.pdf\"><i class=\"fa-industry fas awb-button__icon awb-button__icon--default button-icon-left\" aria-hidden=\"true\"><\/i><span class=\"fusion-button-text awb-button__text awb-button__text--default\">Proceso de Chatarrizaci\u00f3n<\/span><\/a><\/div><\/div><\/div><\/div><\/div><\/p>\n","protected":false},"excerpt":{"rendered":"","protected":false},"author":1,"featured_media":0,"parent":2082,"menu_order":0,"comment_status":"closed","ping_status":"closed","template":"","meta":{"footnotes":""},"class_list":["post-2674","page","type-page","status-publish","hentry"],"jetpack_sharing_enabled":true,"_links":{"self":[{"href":"https:\/\/transitobucaramanga.gov.co\/dtb\/wp-json\/wp\/v2\/pages\/2674","targetHints":{"allow":["GET"]}}],"collection":[{"href":"https:\/\/transitobucaramanga.gov.co\/dtb\/wp-json\/wp\/v2\/pages"}],"about":[{"href":"https:\/\/transitobucaramanga.gov.co\/dtb\/wp-json\/wp\/v2\/types\/page"}],"author":[{"embeddable":true,"href":"https:\/\/transitobucaramanga.gov.co\/dtb\/wp-json\/wp\/v2\/users\/1"}],"replies":[{"embeddable":true,"href":"https:\/\/transitobucaramanga.gov.co\/dtb\/wp-json\/wp\/v2\/comments?post=2674"}],"version-history":[{"count":5,"href":"https:\/\/transitobucaramanga.gov.co\/dtb\/wp-json\/wp\/v2\/pages\/2674\/revisions"}],"predecessor-version":[{"id":2742,"href":"https:\/\/transitobucaramanga.gov.co\/dtb\/wp-json\/wp\/v2\/pages\/2674\/revisions\/2742"}],"up":[{"embeddable":true,"href":"https:\/\/transitobucaramanga.gov.co\/dtb\/wp-json\/wp\/v2\/pages\/2082"}],"wp:attachment":[{"href":"https:\/\/transitobucaramanga.gov.co\/dtb\/wp-json\/wp\/v2\/media?parent=2674"}],"curies":[{"name":"wp","href":"https:\/\/api.w.org\/{rel}","templated":true}]}}