{"id":3072,"date":"2021-05-25T15:44:11","date_gmt":"2021-05-25T20:44:11","guid":{"rendered":"http:\/\/transitobucaramanga.gov.co\/dtb\/?page_id=3072"},"modified":"2025-10-21T11:51:15","modified_gmt":"2025-10-21T16:51:15","slug":"proyectos-de-inversion","status":"publish","type":"page","link":"https:\/\/transitobucaramanga.gov.co\/dtb\/transparencia\/planeacion-presupuesto-e-informes\/proyectos-de-inversion","title":{"rendered":"Proyectos de Inversi\u00f3n"},"content":{"rendered":"<div class=\"fusion-fullwidth fullwidth-box fusion-builder-row-1 fusion-flex-container nonhundred-percent-fullwidth non-hundred-percent-height-scrolling\" style=\"--awb-border-radius-top-left:0px;--awb-border-radius-top-right:0px;--awb-border-radius-bottom-right:0px;--awb-border-radius-bottom-left:0px;--awb-flex-wrap:wrap;\" ><div class=\"fusion-builder-row fusion-row fusion-flex-align-items-flex-start fusion-flex-content-wrap\" style=\"max-width:1248px;margin-left: calc(-4% \/ 2 );margin-right: calc(-4% \/ 2 );\"><div class=\"fusion-layout-column fusion_builder_column fusion-builder-column-0 fusion_builder_column_1_1 1_1 fusion-flex-column\" style=\"--awb-bg-size:cover;--awb-width-large:100%;--awb-margin-top-large:0px;--awb-spacing-right-large:1.92%;--awb-margin-bottom-large:20px;--awb-spacing-left-large:1.92%;--awb-width-medium:100%;--awb-order-medium:0;--awb-spacing-right-medium:1.92%;--awb-spacing-left-medium:1.92%;--awb-width-small:100%;--awb-order-small:0;--awb-spacing-right-small:1.92%;--awb-spacing-left-small:1.92%;\"><div class=\"fusion-column-wrapper fusion-column-has-shadow fusion-flex-justify-content-flex-start fusion-content-layout-column\"><nav class=\"fusion-breadcrumbs fusion-breadcrumbs-1\" style=\"--awb-breadcrumb-sep:&#039;\/&#039;;\" aria-label=\"Breadcrumb\"><ol class=\"awb-breadcrumb-list\"><li class=\"fusion-breadcrumb-item awb-breadcrumb-sep awb-home\" ><a href=\"https:\/\/transitobucaramanga.gov.co\/dtb\" class=\"fusion-breadcrumb-link\"><span >Home<\/span><\/a><\/li><\/ol><\/nav><div class=\"fusion-title title fusion-title-1 fusion-title-center fusion-title-text fusion-title-size-one\"><div class=\"title-sep-container title-sep-container-left\"><div class=\"title-sep sep- sep-solid\" style=\"border-color:#e0dede;\"><\/div><\/div><span class=\"awb-title-spacer\"><\/span><h1 class=\"fusion-title-heading title-heading-center\" style=\"margin:0;\">Proyectos <span style=\"color: #32ba3d;\">de<\/span> Inversi\u00f3n<\/h1><span class=\"awb-title-spacer\"><\/span><div class=\"title-sep-container title-sep-container-right\"><div class=\"title-sep sep- sep-solid\" style=\"border-color:#e0dede;\"><\/div><\/div><\/div><div class=\"fusion-separator fusion-full-width-sep\" style=\"align-self: center;margin-left: auto;margin-right: auto;width:100%;\"><div class=\"fusion-separator-border sep-shadow\" style=\"--awb-height:20px;--awb-amount:20px;background:radial-gradient(ellipse at 50% -50% , #e0dede 0px, rgba(255, 255, 255, 0) 80%) repeat scroll 0 0 rgba(0, 0, 0, 0);background:-webkit-radial-gradient(ellipse at 50% -50% , #e0dede 0px, rgba(255, 255, 255, 0) 80%) repeat scroll 0 0 rgba(0, 0, 0, 0);background:-moz-radial-gradient(ellipse at 50% -50% , #e0dede 0px, rgba(255, 255, 255, 0) 80%) repeat scroll 0 0 rgba(0, 0, 0, 0);background:-o-radial-gradient(ellipse at 50% -50% , #e0dede 0px, rgba(255, 255, 255, 0) 80%) repeat scroll 0 0 rgba(0, 0, 0, 0);\"><\/div><\/div><div class=\"fusion-builder-row fusion-builder-row-inner fusion-row fusion-flex-align-items-flex-start fusion-flex-content-wrap\" style=\"width:104% !important;max-width:104% !important;margin-left: calc(-4% \/ 2 );margin-right: calc(-4% \/ 2 );\"><div class=\"fusion-layout-column fusion_builder_column_inner fusion-builder-nested-column-0 fusion_builder_column_inner_1_1 1_1 fusion-flex-column\" style=\"--awb-bg-size:cover;--awb-width-large:100%;--awb-margin-top-large:0px;--awb-spacing-right-large:1.92%;--awb-margin-bottom-large:20px;--awb-spacing-left-large:1.92%;--awb-width-medium:100%;--awb-order-medium:0;--awb-spacing-right-medium:1.92%;--awb-spacing-left-medium:1.92%;--awb-width-small:100%;--awb-order-small:0;--awb-spacing-right-small:1.92%;--awb-spacing-left-small:1.92%;\"><div class=\"fusion-column-wrapper fusion-column-has-shadow fusion-flex-justify-content-flex-start fusion-content-layout-column\"><\/div><\/div><\/div><\/div><\/div><div class=\"fusion-layout-column fusion_builder_column fusion-builder-column-1 fusion_builder_column_1_1 1_1 fusion-flex-column\" style=\"--awb-bg-size:cover;--awb-width-large:100%;--awb-margin-top-large:0px;--awb-spacing-right-large:1.92%;--awb-margin-bottom-large:20px;--awb-spacing-left-large:1.92%;--awb-width-medium:100%;--awb-order-medium:0;--awb-spacing-right-medium:1.92%;--awb-spacing-left-medium:1.92%;--awb-width-small:100%;--awb-order-small:0;--awb-spacing-right-small:1.92%;--awb-spacing-left-small:1.92%;\"><div class=\"fusion-column-wrapper fusion-column-has-shadow fusion-flex-justify-content-flex-start fusion-content-layout-column\"><ul style=\"--awb-iconcolor:#a50026;--awb-line-height:23.8px;--awb-icon-width:23.8px;--awb-icon-height:23.8px;--awb-icon-margin:9.8px;--awb-content-margin:33.6px;\" class=\"fusion-checklist fusion-checklist-1 fusion-checklist-default type-icons\"><li class=\"fusion-li-item\" style=\"\"><span class=\"icon-wrapper circle-no\"><i class=\"fusion-li-icon fa-book-open fas\" aria-hidden=\"true\"><\/i><\/span><div class=\"fusion-li-item-content\">\n<p><a href=\"https:\/\/transitobucaramanga.gov.co\/dtb\/wp-content\/uploads\/2025\/10\/FT-DIR-034-Plan-operativo-anual-de-inversiones-V-01.xlsx\" target=\"_blank\" rel=\"noopener\">Plan Operativo Anual de Inversiones &#8211; 2025<\/a><\/p>\n<\/div><\/li><li class=\"fusion-li-item\" style=\"\"><span class=\"icon-wrapper circle-no\"><i class=\"fusion-li-icon fa-book-open fas\" aria-hidden=\"true\"><\/i><\/span><div class=\"fusion-li-item-content\">\n<p><a href=\"https:\/\/transitobucaramanga.gov.co\/dtb\/wp-content\/uploads\/2023\/01\/PA-Dir.-Transito-PDM-DTB-2023.pdf\" target=\"_blank\" rel=\"noopener\">Plan de Desarrollo Municipal metas DTB vigencia 2023<\/a><\/p>\n<\/div><\/li><li class=\"fusion-li-item\" style=\"\"><span class=\"icon-wrapper circle-no\"><i class=\"fusion-li-icon fa-book-open fas\" aria-hidden=\"true\"><\/i><\/span><div class=\"fusion-li-item-content\">\n<p><a href=\"https:\/\/transitobucaramanga.gov.co\/dtb\/wp-content\/uploads\/2023\/01\/FT-DIR-034-Plan-Operativo-Anual-de-Inversiones-V.01-DTB-2023.pdf\" target=\"_blank\" rel=\"noopener\">Plan Operativo Anual de Inversi\u00f3n &#8211; POAI 2023<\/a><\/p>\n<\/div><\/li><li class=\"fusion-li-item\" style=\"\"><span class=\"icon-wrapper circle-no\"><i class=\"fusion-li-icon fa-book-open fas\" aria-hidden=\"true\"><\/i><\/span><div class=\"fusion-li-item-content\">\n<p><a href=\"https:\/\/transitobucaramanga.gov.co\/dtb\/wp-content\/uploads\/2022\/09\/060922-Programas-educacion-promocion-y-valoracion-del-uso-de-medios-de-transporte-sostenible-y-del-uso-de-la-bicicleta-2020-2023.pdf\" target=\"_blank\" rel=\"noopener\">Programa educaci\u00f3n, promoci\u00f3n y valoraci\u00f3n del uso de medios de transporte sostenible y del uso de la bicicleta 2020-2023<\/a><\/p>\n<\/div><\/li><li class=\"fusion-li-item\" style=\"\"><span class=\"icon-wrapper circle-no\"><i class=\"fusion-li-icon fa-book-open fas\" aria-hidden=\"true\"><\/i><\/span><div class=\"fusion-li-item-content\">\n<p><a href=\"https:\/\/transitobucaramanga.gov.co\/dtb\/wp-content\/uploads\/2022\/09\/060922-Programas-de-educacion-en-seguridad-vial-y-movilidad-sostenible-del-Municipio-de-Bucaramanga-2020-2023.pdf\" target=\"_blank\" rel=\"noopener\">Programas de educaci\u00f3n en seguridad vial y movilidad sostenible del Municipio de Bucaramanga 2020-2023<\/a><\/p>\n<\/div><\/li><li class=\"fusion-li-item\" style=\"\"><span class=\"icon-wrapper circle-no\"><i class=\"fusion-li-icon fa-book-open fas\" aria-hidden=\"true\"><\/i><\/span><div class=\"fusion-li-item-content\">\n<p><a href=\"https:\/\/transitobucaramanga.gov.co\/dtb\/wp-content\/uploads\/2022\/09\/060922-Plan-integral-de-senalizacion-vial-del-Municipio-de-Bucaramanga-2020-2023.pdf\" target=\"_blank\" rel=\"noopener\">Plan integral de se\u00f1alizaci\u00f3n vial del Municipio de Bucaramanga 2020-2023<\/a><\/p>\n<\/div><\/li><li class=\"fusion-li-item\" style=\"\"><span class=\"icon-wrapper circle-no\"><i class=\"fusion-li-icon fa-book-open fas\" aria-hidden=\"true\"><\/i><\/span><div class=\"fusion-li-item-content\">\n<p><a href=\"https:\/\/transitobucaramanga.gov.co\/dtb\/wp-content\/uploads\/2022\/09\/060922-Estrategia-para-el-Fortalecimiento-Institucional-de-la-Direccion-de-Transito-de-Bucaramanga-2020-2023.pdf\" target=\"_blank\" rel=\"noopener\">Estrategia para el Fortalecimiento Institucional de la Direcci\u00f3n de Tr\u00e1nsito de Bucaramanga 2020-2023<\/a><\/p>\n<\/div><\/li><li class=\"fusion-li-item\" style=\"\"><span class=\"icon-wrapper circle-no\"><i class=\"fusion-li-icon fa-book-open fas\" aria-hidden=\"true\"><\/i><\/span><div class=\"fusion-li-item-content\">\n<p><a href=\"https:\/\/transitobucaramanga.gov.co\/dtb\/wp-content\/uploads\/2022\/09\/060922-Estrategia-de-control-del-transito-vehicular-peatonal-y-de-la-seguridad-vial-2022.pdf\" target=\"_blank\" rel=\"noopener\">Estrategia de control del tr\u00e1nsito vehicular, peatonal y de la seguridad vial del Municipio de Bucaramanga 2020-2023<\/a><\/p>\n<\/div><\/li><li class=\"fusion-li-item\" style=\"\"><span class=\"icon-wrapper circle-no\"><i class=\"fusion-li-icon fa-book-open fas\" aria-hidden=\"true\"><\/i><\/span><div class=\"fusion-li-item-content\">\n<p><a href=\"https:\/\/transitobucaramanga.gov.co\/dtb\/wp-content\/uploads\/2022\/03\/PLAN-DE-DESARROLLO-2020-2023.xlsx\" target=\"_blank\" rel=\"noopener\">Plan de Desarrollo 2020 &#8211; 2023<\/a><\/p>\n<\/div><\/li><li class=\"fusion-li-item\" style=\"\"><span class=\"icon-wrapper circle-no\"><i class=\"fusion-li-icon fa-book-open fas\" aria-hidden=\"true\"><\/i><\/span><div class=\"fusion-li-item-content\">\n<p><a href=\"https:\/\/transitobucaramanga.gov.co\/dtb\/wp-content\/uploads\/2022\/01\/POAI-2022_DTB.xlsx\" target=\"_blank\" rel=\"noopener\">Plan Operativo Anual de Inversi\u00f3n POAI &#8211; 2022 (Excel)<\/a><\/p>\n<\/div><\/li><li class=\"fusion-li-item\" style=\"\"><span class=\"icon-wrapper circle-no\"><i class=\"fusion-li-icon fa-book-open fas\" aria-hidden=\"true\"><\/i><\/span><div class=\"fusion-li-item-content\">\n<p><a href=\"https:\/\/transitobucaramanga.gov.co\/dtb\/wp-content\/uploads\/2022\/01\/POAI-2022_DTB.pdf\" target=\"_blank\" rel=\"noopener\">Plan Operativo Anual de Inversi\u00f3n POAI &#8211; 2022 (PDF)<\/a><\/p>\n<\/div><\/li><li class=\"fusion-li-item\" style=\"\"><span class=\"icon-wrapper circle-no\"><i class=\"fusion-li-icon fa-book-open fas\" aria-hidden=\"true\"><\/i><\/span><div class=\"fusion-li-item-content\">\n<p><a href=\"https:\/\/transitobucaramanga.gov.co\/dtb\/wp-content\/uploads\/2021\/09\/PROYECTO-CONTROL-VEHICULAR.pdf\" target=\"_blank\" rel=\"noopener\">Proyecto Control Vehicular<\/a><\/p>\n<\/div><\/li><li class=\"fusion-li-item\" style=\"\"><span class=\"icon-wrapper circle-no\"><i class=\"fusion-li-icon fa-book-open fas\" aria-hidden=\"true\"><\/i><\/span><div class=\"fusion-li-item-content\">\n<p><a href=\"https:\/\/transitobucaramanga.gov.co\/dtb\/wp-content\/uploads\/2021\/09\/MANTENIMIENTO-SEMAFORIZACION.pdf\" target=\"_blank\" rel=\"noopener\">Mantenimiento Semaforizaci\u00f3n<\/a><\/p>\n<\/div><\/li><li class=\"fusion-li-item\" style=\"\"><span class=\"icon-wrapper circle-no\"><i class=\"fusion-li-icon fa-book-open fas\" aria-hidden=\"true\"><\/i><\/span><div class=\"fusion-li-item-content\">\n<p><a href=\"https:\/\/transitobucaramanga.gov.co\/dtb\/wp-content\/uploads\/2021\/09\/IMPLEMENTACION-PROGRAMAS-EN-SEGURIDAD-VIAL.pdf\" target=\"_blank\" rel=\"noopener\">Implementaci\u00f3n de Programas en Seguridad Vial<\/a><\/p>\n<\/div><\/li><li class=\"fusion-li-item\" style=\"\"><span class=\"icon-wrapper circle-no\"><i class=\"fusion-li-icon fa-book-open fas\" aria-hidden=\"true\"><\/i><\/span><div class=\"fusion-li-item-content\">\n<p><a href=\"https:\/\/transitobucaramanga.gov.co\/dtb\/wp-content\/uploads\/2021\/09\/FORTALECIMIENTO-DE-LA-GESTION-OPERATIVA.pdf\" target=\"_blank\" rel=\"noopener\">Fortalecimiento de la Gesti\u00f3n Operativa<\/a><\/p>\n<\/div><\/li><li class=\"fusion-li-item\" style=\"\"><span class=\"icon-wrapper circle-no\"><i class=\"fusion-li-icon fa-book-open fas\" aria-hidden=\"true\"><\/i><\/span><div class=\"fusion-li-item-content\">\n<p><a href=\"https:\/\/transitobucaramanga.gov.co\/dtb\/wp-content\/uploads\/2021\/09\/FORMULACION-PLAN-DE-SENALIZACION.pdf\" target=\"_blank\" rel=\"noopener\">Formulaci\u00f3n Plan de Se\u00f1alizaci\u00f3n<\/a><\/p>\n<\/div><\/li><li class=\"fusion-li-item\" style=\"\"><span class=\"icon-wrapper circle-no\"><i class=\"fusion-li-icon fa-book-open fas\" aria-hidden=\"true\"><\/i><\/span><div class=\"fusion-li-item-content\">\n<p><a href=\"https:\/\/spi.dnp.gov.co\/ConsultasTerritorio\/Detalle.aspx?vigencia=2021&amp;periodo=4&amp;proyecto=2020680010155\" target=\"_blank\" rel=\"noopener\">Proyecto: Implementaci\u00f3n y promoci\u00f3n de Programas de Educaci\u00f3n en Seguridad Vial, Movilidad Sostenible y uso de la bicicleta en el municipio de Bucaramanga BPIN: 2020680010155<\/a><\/p>\n<\/div><\/li><li class=\"fusion-li-item\" style=\"\"><span class=\"icon-wrapper circle-no\"><i class=\"fusion-li-icon fa-book-open fas\" aria-hidden=\"true\"><\/i><\/span><div class=\"fusion-li-item-content\">\n<p><a href=\"https:\/\/spi.dnp.gov.co\/ConsultasTerritorio\/Detalle.aspx?vigencia=2021&amp;periodo=4&amp;proyecto=2020680010147\" target=\"_blank\" rel=\"noopener\">Proyecto: Fortalecimiento de la Estrategia de Control del Tr\u00e1nsito Vehicular, Peatonal y de la Seguridad Vial en el municipio de Bucaramanga BPIN: 2020680010147&#8243;<\/a><\/p>\n<\/div><\/li><li class=\"fusion-li-item\" style=\"\"><span class=\"icon-wrapper circle-no\"><i class=\"fusion-li-icon fa-book-open fas\" aria-hidden=\"true\"><\/i><\/span><div class=\"fusion-li-item-content\">\n<p><a href=\"https:\/\/spi.dnp.gov.co\/ConsultasTerritorio\/Detalle.aspx?vigencia=2021&amp;periodo=4&amp;proyecto=2020680010117\" target=\"_blank\" rel=\"noopener\">Proyecto: Fortalecimiento de la gesti\u00f3n operativa para la eficiente prestaci\u00f3n de servicios del Centro de Diagn\u00f3stico Automotor de la Direcci\u00f3n de Tr\u00e1nsito de Bucaramanga BPIN: 2020680010117<\/a><\/p>\n<\/div><\/li><li class=\"fusion-li-item\" style=\"\"><span class=\"icon-wrapper circle-no\"><i class=\"fusion-li-icon fa-book-open fas\" aria-hidden=\"true\"><\/i><\/span><div class=\"fusion-li-item-content\">\n<p><a href=\"https:\/\/spi.dnp.gov.co\/ConsultasTerritorio\/Detalle.aspx?vigencia=2021&amp;periodo=4&amp;proyecto=2020680010181\" target=\"_blank\" rel=\"noopener\">Proyecto: Mantenimiento del Sistema de semaforizaci\u00f3n del Municipio de Bucaramanga BPIN: 2020680010181<\/a><\/p>\n<\/div><\/li><li class=\"fusion-li-item\" style=\"\"><span class=\"icon-wrapper circle-no\"><i class=\"fusion-li-icon fa-book-open fas\" aria-hidden=\"true\"><\/i><\/span><div class=\"fusion-li-item-content\">\n<p><a href=\"https:\/\/spi.dnp.gov.co\/ConsultasTerritorio\/Detalle.aspx?vigencia=2021&amp;periodo=4&amp;proyecto=2020680010182\" target=\"_blank\" rel=\"noopener\">Proyecto: Formulaci\u00f3n y ejecuci\u00f3n del Plan Integral de Se\u00f1alizaci\u00f3n vial del municipio de Bucaramanga BPIN: 2020680010172<\/a><\/p>\n<\/div><\/li><\/ul><\/div><\/div><\/div><\/div>\n","protected":false},"excerpt":{"rendered":"","protected":false},"author":1,"featured_media":0,"parent":3054,"menu_order":0,"comment_status":"closed","ping_status":"closed","template":"","meta":{"footnotes":""},"class_list":["post-3072","page","type-page","status-publish","hentry"],"jetpack_sharing_enabled":true,"_links":{"self":[{"href":"https:\/\/transitobucaramanga.gov.co\/dtb\/wp-json\/wp\/v2\/pages\/3072","targetHints":{"allow":["GET"]}}],"collection":[{"href":"https:\/\/transitobucaramanga.gov.co\/dtb\/wp-json\/wp\/v2\/pages"}],"about":[{"href":"https:\/\/transitobucaramanga.gov.co\/dtb\/wp-json\/wp\/v2\/types\/page"}],"author":[{"embeddable":true,"href":"https:\/\/transitobucaramanga.gov.co\/dtb\/wp-json\/wp\/v2\/users\/1"}],"replies":[{"embeddable":true,"href":"https:\/\/transitobucaramanga.gov.co\/dtb\/wp-json\/wp\/v2\/comments?post=3072"}],"version-history":[{"count":16,"href":"https:\/\/transitobucaramanga.gov.co\/dtb\/wp-json\/wp\/v2\/pages\/3072\/revisions"}],"predecessor-version":[{"id":11665,"href":"https:\/\/transitobucaramanga.gov.co\/dtb\/wp-json\/wp\/v2\/pages\/3072\/revisions\/11665"}],"up":[{"embeddable":true,"href":"https:\/\/transitobucaramanga.gov.co\/dtb\/wp-json\/wp\/v2\/pages\/3054"}],"wp:attachment":[{"href":"https:\/\/transitobucaramanga.gov.co\/dtb\/wp-json\/wp\/v2\/media?parent=3072"}],"curies":[{"name":"wp","href":"https:\/\/api.w.org\/{rel}","templated":true}]}}