{"id":3190,"date":"2021-05-29T15:39:54","date_gmt":"2021-05-29T20:39:54","guid":{"rendered":"http:\/\/transitobucaramanga.gov.co\/dtb\/?page_id=3190"},"modified":"2024-12-10T15:41:41","modified_gmt":"2024-12-10T20:41:41","slug":"datos-abiertos","status":"publish","type":"page","link":"https:\/\/transitobucaramanga.gov.co\/dtb\/transparencia\/datos-abiertos","title":{"rendered":"Datos Abiertos"},"content":{"rendered":"<div class=\"fusion-fullwidth fullwidth-box fusion-builder-row-1 fusion-flex-container nonhundred-percent-fullwidth non-hundred-percent-height-scrolling\" style=\"--awb-border-radius-top-left:0px;--awb-border-radius-top-right:0px;--awb-border-radius-bottom-right:0px;--awb-border-radius-bottom-left:0px;--awb-flex-wrap:wrap;\" ><div class=\"fusion-builder-row fusion-row fusion-flex-align-items-flex-start fusion-flex-content-wrap\" style=\"max-width:1248px;margin-left: calc(-4% \/ 2 );margin-right: calc(-4% \/ 2 );\"><div class=\"fusion-layout-column fusion_builder_column fusion-builder-column-0 fusion_builder_column_1_1 1_1 fusion-flex-column\" style=\"--awb-bg-size:cover;--awb-width-large:100%;--awb-margin-top-large:0px;--awb-spacing-right-large:1.92%;--awb-margin-bottom-large:20px;--awb-spacing-left-large:1.92%;--awb-width-medium:100%;--awb-order-medium:0;--awb-spacing-right-medium:1.92%;--awb-spacing-left-medium:1.92%;--awb-width-small:100%;--awb-order-small:0;--awb-spacing-right-small:1.92%;--awb-spacing-left-small:1.92%;\"><div class=\"fusion-column-wrapper fusion-column-has-shadow fusion-flex-justify-content-flex-start fusion-content-layout-column\"><nav class=\"fusion-breadcrumbs fusion-breadcrumbs-1\" style=\"--awb-breadcrumb-sep:&#039;\/&#039;;\" aria-label=\"Breadcrumb\"><ol class=\"awb-breadcrumb-list\"><li class=\"fusion-breadcrumb-item awb-breadcrumb-sep awb-home\" ><a href=\"https:\/\/transitobucaramanga.gov.co\/dtb\" class=\"fusion-breadcrumb-link\"><span >Home<\/span><\/a><\/li><\/ol><\/nav><div class=\"fusion-title title fusion-title-1 fusion-title-center fusion-title-text fusion-title-size-one\"><div class=\"title-sep-container title-sep-container-left\"><div class=\"title-sep sep- sep-solid\" style=\"border-color:#e0dede;\"><\/div><\/div><span class=\"awb-title-spacer\"><\/span><h1 class=\"fusion-title-heading title-heading-center\" style=\"margin:0;\">Datos <span style=\"color: #32ba3d;\">Abiertos<\/span><\/h1><span class=\"awb-title-spacer\"><\/span><div class=\"title-sep-container title-sep-container-right\"><div class=\"title-sep sep- sep-solid\" style=\"border-color:#e0dede;\"><\/div><\/div><\/div><div class=\"fusion-separator fusion-full-width-sep\" style=\"align-self: center;margin-left: auto;margin-right: auto;width:100%;\"><div class=\"fusion-separator-border sep-shadow\" style=\"--awb-height:20px;--awb-amount:20px;background:radial-gradient(ellipse at 50% -50% , #e0dede 0px, rgba(255, 255, 255, 0) 80%) repeat scroll 0 0 rgba(0, 0, 0, 0);background:-webkit-radial-gradient(ellipse at 50% -50% , #e0dede 0px, rgba(255, 255, 255, 0) 80%) repeat scroll 0 0 rgba(0, 0, 0, 0);background:-moz-radial-gradient(ellipse at 50% -50% , #e0dede 0px, rgba(255, 255, 255, 0) 80%) repeat scroll 0 0 rgba(0, 0, 0, 0);background:-o-radial-gradient(ellipse at 50% -50% , #e0dede 0px, rgba(255, 255, 255, 0) 80%) repeat scroll 0 0 rgba(0, 0, 0, 0);\"><\/div><\/div><div class=\"fusion-builder-row fusion-builder-row-inner fusion-row fusion-flex-align-items-flex-start fusion-flex-content-wrap\" style=\"width:104% !important;max-width:104% !important;margin-left: calc(-4% \/ 2 );margin-right: calc(-4% \/ 2 );\"><div class=\"fusion-layout-column fusion_builder_column_inner fusion-builder-nested-column-0 fusion_builder_column_inner_1_1 1_1 fusion-flex-column\" style=\"--awb-bg-size:cover;--awb-width-large:100%;--awb-margin-top-large:0px;--awb-spacing-right-large:1.92%;--awb-margin-bottom-large:20px;--awb-spacing-left-large:1.92%;--awb-width-medium:100%;--awb-order-medium:0;--awb-spacing-right-medium:1.92%;--awb-spacing-left-medium:1.92%;--awb-width-small:100%;--awb-order-small:0;--awb-spacing-right-small:1.92%;--awb-spacing-left-small:1.92%;\"><div class=\"fusion-column-wrapper fusion-column-has-shadow fusion-flex-justify-content-flex-start fusion-content-layout-column\"><\/div><\/div><\/div><\/div><\/div><div class=\"fusion-layout-column fusion_builder_column fusion-builder-column-1 fusion_builder_column_1_1 1_1 fusion-flex-column\" style=\"--awb-bg-size:cover;--awb-width-large:100%;--awb-margin-top-large:0px;--awb-spacing-right-large:1.92%;--awb-margin-bottom-large:20px;--awb-spacing-left-large:1.92%;--awb-width-medium:100%;--awb-order-medium:0;--awb-spacing-right-medium:1.92%;--awb-spacing-left-medium:1.92%;--awb-width-small:100%;--awb-order-small:0;--awb-spacing-right-small:1.92%;--awb-spacing-left-small:1.92%;\"><div class=\"fusion-column-wrapper fusion-column-has-shadow fusion-flex-justify-content-flex-start fusion-content-layout-column\"><ul style=\"--awb-iconcolor:#32ba3d;--awb-line-height:23.8px;--awb-icon-width:23.8px;--awb-icon-height:23.8px;--awb-icon-margin:9.8px;--awb-content-margin:33.6px;\" class=\"fusion-checklist fusion-checklist-1 fusion-checklist-default type-icons\"><li class=\"fusion-li-item\" style=\"\"><span class=\"icon-wrapper circle-no\"><i class=\"fusion-li-icon fa-arrow-alt-circle-right fas\" aria-hidden=\"true\"><\/i><\/span><div class=\"fusion-li-item-content\">\n<p>Instrumentos de Gesti\u00f3n de la Informaci\u00f3n sobre Gesti\u00f3n Documental<\/p>\n<ul>\n<li><a href=\"https:\/\/transitobucaramanga.gov.co\/dtb\/transparencia\/datos-abiertos\/registro-de-activos-de-la-informacion\/\">Registro de Activos de la Informaci\u00f3n<\/a><\/li>\n<li><a href=\"https:\/\/transitobucaramanga.gov.co\/dtb\/transparencia\/datos-abiertos\/indice-de-informacion-clasificada-y-reservada\/\">\u00cdndice de Informaci\u00f3n Clasificada y Reservada<\/a><\/li>\n<li><a href=\"https:\/\/transitobucaramanga.gov.co\/dtb\/wp-content\/uploads\/2021\/05\/Esquema-de-Publicacion-de-la-Informacion.xlsx\">Esquema de Publicaci\u00f3n de la Informaci\u00f3n<\/a><\/li>\n<li><a href=\"https:\/\/transitobucaramanga.gov.co\/dtb\/transparencia\/datos-abiertos\/programa-de-gestion-documental\/\">Programa de Gesti\u00f3n Documental<\/a><\/li>\n<li><a href=\"https:\/\/transitobucaramanga.gov.co\/dtb\/transparencia\/datos-abiertos\/tablas-de-retencion-documental\/\">Tablas de Retenci\u00f3n Documental<\/a><\/li>\n<li><a href=\"https:\/\/transitobucaramanga.gov.co\/dtb\/transparencia\/datos-abiertos\/transferencias-documentales\/\">Transferencias Documentales<\/a><\/li>\n<li><a href=\"https:\/\/transitobucaramanga.gov.co\/dtb\/transparencia\/datos-abiertos\/eliminacion-documental\/\">Eliminaci\u00f3n Documental<\/a><\/li>\n<li><a href=\"https:\/\/transitobucaramanga.gov.co\/dtb\/transparencia\/datos-abiertos\/inventarios-documentales\/\">Inventarios Documentales<\/a><\/li>\n<li><a href=\"https:\/\/transitobucaramanga.gov.co\/dtb\/transparencia\/datos-abiertos\/politica-archivistica\/\">Pol\u00edtica Archiv\u00edstica<\/a><\/li>\n<li><a href=\"https:\/\/transitobucaramanga.gov.co\/dtb\/transparencia\/datos-abiertos\/plan-institucional-de-archivos-pinar\">Plan Institucional de Archivos &#8211; PINAR<\/a><\/li>\n<li><a href=\"https:\/\/transitobucaramanga.gov.co\/dtb\/wp-content\/uploads\/2021\/05\/Registro-de-Publicaciones.xlsx\">Registro de Publicaciones<\/a><\/li>\n<\/ul>\n<\/div><\/li><li class=\"fusion-li-item\" style=\"\"><span class=\"icon-wrapper circle-no\"><i class=\"fusion-li-icon fa-arrow-alt-circle-right fas\" aria-hidden=\"true\"><\/i><\/span><div class=\"fusion-li-item-content\">\n<p><a href=\"https:\/\/transitobucaramanga.gov.co\/dtb\/wp-content\/uploads\/2021\/05\/Costos-de-Reproduccion.pdf\" target=\"_blank\" rel=\"noopener\">Costos de Reproducci\u00f3n<\/a><\/p>\n<\/div><\/li><li class=\"fusion-li-item\" style=\"\"><span class=\"icon-wrapper circle-no\"><i class=\"fusion-li-icon fa-arrow-alt-circle-right fas\" aria-hidden=\"true\"><\/i><\/span><div class=\"fusion-li-item-content\">\n<p><a href=\"https:\/\/www.datos.gov.co\/Transporte\/Accidentes-de-Transito-en-Bucaramanga-ocurridos-de\/7cci-nqqb\" target=\"_blank\" rel=\"noopener\">Secci\u00f3n de Datos Abiertos<\/a><\/p>\n<\/div><\/li><li class=\"fusion-li-item\" style=\"\"><span class=\"icon-wrapper circle-no\"><i class=\"fusion-li-icon fa-arrow-alt-circle-right fas\" aria-hidden=\"true\"><\/i><\/span><div class=\"fusion-li-item-content\">\n<p><a href=\"https:\/\/transitobucaramanga.gov.co\/dtb\/transparencia\/datos-abiertos\/matriz-de-comunicacion-interna-y-externa\">Matriz de Comunicaciones Internas y Externas<\/a><\/p>\n<\/div><\/li><\/ul><\/div><\/div><\/div><\/div>\n","protected":false},"excerpt":{"rendered":"","protected":false},"author":1,"featured_media":0,"parent":16,"menu_order":0,"comment_status":"closed","ping_status":"closed","template":"","meta":{"footnotes":""},"class_list":["post-3190","page","type-page","status-publish","hentry"],"jetpack_sharing_enabled":true,"_links":{"self":[{"href":"https:\/\/transitobucaramanga.gov.co\/dtb\/wp-json\/wp\/v2\/pages\/3190","targetHints":{"allow":["GET"]}}],"collection":[{"href":"https:\/\/transitobucaramanga.gov.co\/dtb\/wp-json\/wp\/v2\/pages"}],"about":[{"href":"https:\/\/transitobucaramanga.gov.co\/dtb\/wp-json\/wp\/v2\/types\/page"}],"author":[{"embeddable":true,"href":"https:\/\/transitobucaramanga.gov.co\/dtb\/wp-json\/wp\/v2\/users\/1"}],"replies":[{"embeddable":true,"href":"https:\/\/transitobucaramanga.gov.co\/dtb\/wp-json\/wp\/v2\/comments?post=3190"}],"version-history":[{"count":12,"href":"https:\/\/transitobucaramanga.gov.co\/dtb\/wp-json\/wp\/v2\/pages\/3190\/revisions"}],"predecessor-version":[{"id":10139,"href":"https:\/\/transitobucaramanga.gov.co\/dtb\/wp-json\/wp\/v2\/pages\/3190\/revisions\/10139"}],"up":[{"embeddable":true,"href":"https:\/\/transitobucaramanga.gov.co\/dtb\/wp-json\/wp\/v2\/pages\/16"}],"wp:attachment":[{"href":"https:\/\/transitobucaramanga.gov.co\/dtb\/wp-json\/wp\/v2\/media?parent=3190"}],"curies":[{"name":"wp","href":"https:\/\/api.w.org\/{rel}","templated":true}]}}