{"id":3331,"date":"2021-05-30T20:03:17","date_gmt":"2021-05-31T01:03:17","guid":{"rendered":"http:\/\/transitobucaramanga.gov.co\/dtb\/?page_id=3331"},"modified":"2021-05-30T20:08:07","modified_gmt":"2021-05-31T01:08:07","slug":"preguntas-frecuentes","status":"publish","type":"page","link":"https:\/\/transitobucaramanga.gov.co\/dtb\/atencion-y-servicios-a-la-ciudadania\/preguntas-frecuentes","title":{"rendered":"Preguntas Frecuentes"},"content":{"rendered":"<div class=\"fusion-fullwidth fullwidth-box fusion-builder-row-1 fusion-flex-container nonhundred-percent-fullwidth non-hundred-percent-height-scrolling\" style=\"--awb-border-radius-top-left:0px;--awb-border-radius-top-right:0px;--awb-border-radius-bottom-right:0px;--awb-border-radius-bottom-left:0px;--awb-flex-wrap:wrap;\" ><div class=\"fusion-builder-row fusion-row fusion-flex-align-items-flex-start fusion-flex-content-wrap\" style=\"max-width:1248px;margin-left: calc(-4% \/ 2 );margin-right: calc(-4% \/ 2 );\"><div class=\"fusion-layout-column fusion_builder_column fusion-builder-column-0 fusion_builder_column_1_1 1_1 fusion-flex-column\" style=\"--awb-bg-size:cover;--awb-width-large:100%;--awb-margin-top-large:0px;--awb-spacing-right-large:1.92%;--awb-margin-bottom-large:20px;--awb-spacing-left-large:1.92%;--awb-width-medium:100%;--awb-order-medium:0;--awb-spacing-right-medium:1.92%;--awb-spacing-left-medium:1.92%;--awb-width-small:100%;--awb-order-small:0;--awb-spacing-right-small:1.92%;--awb-spacing-left-small:1.92%;\"><div class=\"fusion-column-wrapper fusion-column-has-shadow fusion-flex-justify-content-flex-start fusion-content-layout-column\"><nav class=\"fusion-breadcrumbs fusion-breadcrumbs-1\" style=\"--awb-breadcrumb-sep:&#039;\/&#039;;\" aria-label=\"Breadcrumb\"><ol class=\"awb-breadcrumb-list\"><li class=\"fusion-breadcrumb-item awb-breadcrumb-sep awb-home\" ><a href=\"https:\/\/transitobucaramanga.gov.co\/dtb\" class=\"fusion-breadcrumb-link\"><span >Home<\/span><\/a><\/li><\/ol><\/nav><div class=\"fusion-title title fusion-title-1 fusion-title-center fusion-title-text fusion-title-size-one\" style=\"--awb-margin-top-small:0px;--awb-margin-right-small:0px;--awb-margin-bottom-small:20px;--awb-margin-left-small:0px;\"><div class=\"title-sep-container title-sep-container-left\"><div class=\"title-sep sep- sep-solid\" style=\"border-color:#e0dede;\"><\/div><\/div><span class=\"awb-title-spacer\"><\/span><h1 class=\"fusion-title-heading title-heading-center\" style=\"margin:0;\">Preguntas <span style=\"color: #32ba3d;\">Frecuentes<\/span><\/h1><span class=\"awb-title-spacer\"><\/span><div class=\"title-sep-container title-sep-container-right\"><div class=\"title-sep sep- sep-solid\" style=\"border-color:#e0dede;\"><\/div><\/div><\/div><div class=\"fusion-separator fusion-full-width-sep\" style=\"align-self: center;margin-left: auto;margin-right: auto;width:100%;\"><div class=\"fusion-separator-border sep-shadow\" style=\"--awb-height:20px;--awb-amount:20px;background:radial-gradient(ellipse at 50% -50% , #e0dede 0px, rgba(255, 255, 255, 0) 80%) repeat scroll 0 0 rgba(0, 0, 0, 0);background:-webkit-radial-gradient(ellipse at 50% -50% , #e0dede 0px, rgba(255, 255, 255, 0) 80%) repeat scroll 0 0 rgba(0, 0, 0, 0);background:-moz-radial-gradient(ellipse at 50% -50% , #e0dede 0px, rgba(255, 255, 255, 0) 80%) repeat scroll 0 0 rgba(0, 0, 0, 0);background:-o-radial-gradient(ellipse at 50% -50% , #e0dede 0px, rgba(255, 255, 255, 0) 80%) repeat scroll 0 0 rgba(0, 0, 0, 0);\"><\/div><\/div><div class=\"fusion-builder-row fusion-builder-row-inner fusion-row fusion-flex-align-items-flex-start fusion-flex-content-wrap\" style=\"--awb-flex-grow:0;--awb-flex-grow-medium:0;--awb-flex-grow-small:0;--awb-flex-shrink:0;--awb-flex-shrink-medium:0;--awb-flex-shrink-small:0;width:104% !important;max-width:104% !important;margin-left: calc(-4% \/ 2 );margin-right: calc(-4% \/ 2 );\"><div class=\"fusion-layout-column fusion_builder_column_inner fusion-builder-nested-column-0 fusion_builder_column_inner_1_1 1_1 fusion-flex-column\" style=\"--awb-bg-size:cover;--awb-width-large:100%;--awb-margin-top-large:0px;--awb-spacing-right-large:1.92%;--awb-margin-bottom-large:20px;--awb-spacing-left-large:1.92%;--awb-width-medium:100%;--awb-order-medium:0;--awb-spacing-right-medium:1.92%;--awb-spacing-left-medium:1.92%;--awb-width-small:100%;--awb-order-small:0;--awb-spacing-right-small:1.92%;--awb-spacing-left-small:1.92%;\"><div class=\"fusion-column-wrapper fusion-column-has-shadow fusion-flex-justify-content-flex-start fusion-content-layout-column\"><\/div><\/div><\/div><\/div><\/div><div class=\"fusion-layout-column fusion_builder_column fusion-builder-column-1 fusion_builder_column_1_1 1_1 fusion-flex-column\" style=\"--awb-bg-size:cover;--awb-width-large:100%;--awb-margin-top-large:0px;--awb-spacing-right-large:1.92%;--awb-margin-bottom-large:20px;--awb-spacing-left-large:1.92%;--awb-width-medium:100%;--awb-order-medium:0;--awb-spacing-right-medium:1.92%;--awb-spacing-left-medium:1.92%;--awb-width-small:100%;--awb-order-small:0;--awb-spacing-right-small:1.92%;--awb-spacing-left-small:1.92%;\"><div class=\"fusion-column-wrapper fusion-column-has-shadow fusion-flex-justify-content-flex-start fusion-content-layout-column\"><div class=\"fusion-text fusion-text-1\"><p><span style=\"color: #32ba3d;\">\u00bfQu\u00e9 es el SIMIT?<\/span><br \/>SIMIT es el Sistema integrado de multas por infracciones de tr\u00e1nsito. Es una base de datos a nivel nacional, establecida por el Ministerio de Transporte, donde se encuentran registrados todos los comparendos elaborados a los usuarios en cualquier parte del territorio colombiano. De esta forma se tendr\u00e1 la historia de los conductores y se podr\u00e1 determinar si son infractores, c\u00f3mo ha sido su historial como conductor, como el comportamiento en el pago, etc.<\/p>\n<p><span style=\"color: #32ba3d;\">\u00bfSi pago la deuda, cu\u00e1nto tiempo debo esperar para obtener el Paz y Salvo del SIMIT?<\/span><br \/>Al d\u00eda siguiente de efectuado el pago, este se reflejar\u00e1 en el SIMIT y podr\u00e1 solicitar la expedici\u00f3n del PAZ Y SALVO<\/p>\n<p><span style=\"color: #32ba3d;\">\u00bfSi efect\u00fao el pago en otra ciudad, cuando puedo obtener el paz y salvo del SIMIT?<\/span><br \/>Ud podr\u00e1 obtener el Paz y Salvo m\u00e1ximo al d\u00eda siguiente, sin embargo hay ciudades donde se lo expiden inmediatamente el pago aplique.<\/p>\n<p><span style=\"color: #32ba3d;\">\u00bfQu\u00e9 tramites se restringen a una persona si no tiene Paz y Salvo del SIMIT?<\/span><br \/>Se le restringe cualquier tr\u00e1mite en cualquier ciudad del pa\u00eds. Por ejemplo, no podr\u00e1 tramitar duplicado de licencia de conducci\u00f3n ni efectuar traspaso de veh\u00edculos, etc.<\/p>\n<p><span style=\"color: #32ba3d;\">\u00bfSi no tengo PAZ Y SALVO del SIMIT en Bucaramanga, puedo hacer el tr\u00e1mite en otro organismo de tr\u00e1nsito?<\/span><br \/>Si su veh\u00edculo est\u00e1 matriculado en Bucaramanga, no podr\u00e1 efectuar el tr\u00e1mite en otra ciudad del pa\u00eds hasta tanto se encuentre a paz y salvo. Si va a efectuar tr\u00e1mites de licencia de conducci\u00f3n tampoco podr\u00e1 efectuar tr\u00e1mites en ning\u00fan organismo de tr\u00e1nsito del Pa\u00eds hasta que este a paz y Salvo en el SIMIT<\/p>\n<p><span style=\"color: #32ba3d;\">\u00bfPor qu\u00e9 un comparendo en Bucaramanga, es m\u00e1s costoso que en otras ciudades del Pa\u00eds?<\/span><br \/>Porque adem\u00e1s del valor estipulado en el c\u00f3digo, se deben pagar estampillas municipales seg\u00fan acuerdos del Concejo Municipal y adem\u00e1s el valor de la factura y la sistematizaci\u00f3n.<\/p>\n<p><span style=\"color: #32ba3d;\">\u00bfCu\u00e1nto tiempo tengo para pagar un comparendo?<\/span><br \/>Usted tiene tres (3) d\u00edas para acercarse a la DTB y resolver la situaci\u00f3n del comparendo. Si no se presenta, al d\u00e9cimo d\u00eda despu\u00e9s de impuesto el comparendo es fallado, aument\u00e1ndose en un 5% su valor. Si despu\u00e9s de 30 d\u00edas del fallo, a\u00fan no ha cancelado el comparendo, se le inicia un cobro prejur\u00eddico y posteriormente un cobro coactivo el cual puede conllevar al embargo de bienes.<\/p>\n<p><span style=\"color: #32ba3d;\">\u00bfQu\u00e9 debo hacer si no estoy de acuerdo con el comparendo impuesto?<\/span><br \/>Usted puede solicitar una AUDIENCIA, ante la inspectora donde qued\u00f3 radicado su comparendo. All\u00ed se le cita a Ud, a los testigos, al agente y de esta manera el inspector determina si usted es infractor o no.<\/p>\n<\/div><\/div><\/div><\/div><\/div>\n","protected":false},"excerpt":{"rendered":"","protected":false},"author":1,"featured_media":0,"parent":2317,"menu_order":0,"comment_status":"closed","ping_status":"closed","template":"","meta":{"footnotes":""},"class_list":["post-3331","page","type-page","status-publish","hentry"],"jetpack_sharing_enabled":true,"_links":{"self":[{"href":"https:\/\/transitobucaramanga.gov.co\/dtb\/wp-json\/wp\/v2\/pages\/3331","targetHints":{"allow":["GET"]}}],"collection":[{"href":"https:\/\/transitobucaramanga.gov.co\/dtb\/wp-json\/wp\/v2\/pages"}],"about":[{"href":"https:\/\/transitobucaramanga.gov.co\/dtb\/wp-json\/wp\/v2\/types\/page"}],"author":[{"embeddable":true,"href":"https:\/\/transitobucaramanga.gov.co\/dtb\/wp-json\/wp\/v2\/users\/1"}],"replies":[{"embeddable":true,"href":"https:\/\/transitobucaramanga.gov.co\/dtb\/wp-json\/wp\/v2\/comments?post=3331"}],"version-history":[{"count":2,"href":"https:\/\/transitobucaramanga.gov.co\/dtb\/wp-json\/wp\/v2\/pages\/3331\/revisions"}],"predecessor-version":[{"id":3333,"href":"https:\/\/transitobucaramanga.gov.co\/dtb\/wp-json\/wp\/v2\/pages\/3331\/revisions\/3333"}],"up":[{"embeddable":true,"href":"https:\/\/transitobucaramanga.gov.co\/dtb\/wp-json\/wp\/v2\/pages\/2317"}],"wp:attachment":[{"href":"https:\/\/transitobucaramanga.gov.co\/dtb\/wp-json\/wp\/v2\/media?parent=3331"}],"curies":[{"name":"wp","href":"https:\/\/api.w.org\/{rel}","templated":true}]}}