{"id":4454,"date":"2021-09-21T12:08:47","date_gmt":"2021-09-21T17:08:47","guid":{"rendered":"http:\/\/transitobucaramanga.gov.co\/dtb\/?page_id=4454"},"modified":"2022-09-26T09:20:40","modified_gmt":"2022-09-26T14:20:40","slug":"formatos-o-modelos-de-contratos-o-pliegos-tipo","status":"publish","type":"page","link":"https:\/\/transitobucaramanga.gov.co\/dtb\/transparencia\/contratacion\/formatos-o-modelos-de-contratos-o-pliegos-tipo","title":{"rendered":"Formatos o modelos de contratos o pliegos tipo"},"content":{"rendered":"<p><div class=\"fusion-fullwidth fullwidth-box fusion-builder-row-1 fusion-flex-container nonhundred-percent-fullwidth non-hundred-percent-height-scrolling\" style=\"--awb-border-radius-top-left:0px;--awb-border-radius-top-right:0px;--awb-border-radius-bottom-right:0px;--awb-border-radius-bottom-left:0px;--awb-flex-wrap:wrap;\" ><div class=\"fusion-builder-row fusion-row fusion-flex-align-items-flex-start fusion-flex-content-wrap\" style=\"max-width:1248px;margin-left: calc(-4% \/ 2 );margin-right: calc(-4% \/ 2 );\"><div class=\"fusion-layout-column fusion_builder_column fusion-builder-column-0 fusion_builder_column_1_1 1_1 fusion-flex-column\" style=\"--awb-bg-size:cover;--awb-width-large:100%;--awb-margin-top-large:0px;--awb-spacing-right-large:1.92%;--awb-margin-bottom-large:20px;--awb-spacing-left-large:1.92%;--awb-width-medium:100%;--awb-order-medium:0;--awb-spacing-right-medium:1.92%;--awb-spacing-left-medium:1.92%;--awb-width-small:100%;--awb-order-small:0;--awb-spacing-right-small:1.92%;--awb-spacing-left-small:1.92%;\"><div class=\"fusion-column-wrapper fusion-column-has-shadow fusion-flex-justify-content-flex-start fusion-content-layout-column\"><nav class=\"fusion-breadcrumbs fusion-breadcrumbs-1\" style=\"--awb-breadcrumb-sep:&#039;\/&#039;;\" aria-label=\"Breadcrumb\"><ol class=\"awb-breadcrumb-list\"><li class=\"fusion-breadcrumb-item awb-breadcrumb-sep awb-home\" ><a href=\"https:\/\/transitobucaramanga.gov.co\/dtb\" class=\"fusion-breadcrumb-link\"><span >Home<\/span><\/a><\/li><\/ol><\/nav><\/div><\/div><\/div><\/div><div class=\"fusion-fullwidth fullwidth-box fusion-builder-row-2 fusion-flex-container nonhundred-percent-fullwidth non-hundred-percent-height-scrolling\" style=\"--awb-border-radius-top-left:0px;--awb-border-radius-top-right:0px;--awb-border-radius-bottom-right:0px;--awb-border-radius-bottom-left:0px;--awb-flex-wrap:wrap;\" ><div class=\"fusion-builder-row fusion-row fusion-flex-align-items-flex-start fusion-flex-content-wrap\" style=\"max-width:1248px;margin-left: calc(-4% \/ 2 );margin-right: calc(-4% \/ 2 );\"><div class=\"fusion-layout-column fusion_builder_column fusion-builder-column-1 fusion_builder_column_1_1 1_1 fusion-flex-column\" style=\"--awb-bg-size:cover;--awb-width-large:100%;--awb-margin-top-large:0px;--awb-spacing-right-large:1.92%;--awb-margin-bottom-large:20px;--awb-spacing-left-large:1.92%;--awb-width-medium:100%;--awb-order-medium:0;--awb-spacing-right-medium:1.92%;--awb-spacing-left-medium:1.92%;--awb-width-small:100%;--awb-order-small:0;--awb-spacing-right-small:1.92%;--awb-spacing-left-small:1.92%;\"><div class=\"fusion-column-wrapper fusion-column-has-shadow fusion-flex-justify-content-flex-start fusion-content-layout-column\"><div class=\"fusion-title title fusion-title-1 fusion-title-center fusion-title-text fusion-title-size-one\"><div class=\"title-sep-container title-sep-container-left\"><div class=\"title-sep sep- sep-solid\" style=\"border-color:#e0dede;\"><\/div><\/div><span class=\"awb-title-spacer\"><\/span><h1 class=\"fusion-title-heading title-heading-center\" style=\"margin:0;\">Formatos o <span style=\"color: #34ba3d;\">modelos<\/span> de contratos o <span style=\"color: #34ba3d;\">pliegos<\/span> tipo<\/h1><span class=\"awb-title-spacer\"><\/span><div class=\"title-sep-container title-sep-container-right\"><div class=\"title-sep sep- sep-solid\" style=\"border-color:#e0dede;\"><\/div><\/div><\/div><div class=\"fusion-separator fusion-full-width-sep\" style=\"align-self: center;margin-left: auto;margin-right: auto;width:100%;\"><div class=\"fusion-separator-border sep-shadow\" style=\"--awb-height:20px;--awb-amount:20px;background:radial-gradient(ellipse at 50% -50% , #e0dede 0px, rgba(255, 255, 255, 0) 80%) repeat scroll 0 0 rgba(0, 0, 0, 0);background:-webkit-radial-gradient(ellipse at 50% -50% , #e0dede 0px, rgba(255, 255, 255, 0) 80%) repeat scroll 0 0 rgba(0, 0, 0, 0);background:-moz-radial-gradient(ellipse at 50% -50% , #e0dede 0px, rgba(255, 255, 255, 0) 80%) repeat scroll 0 0 rgba(0, 0, 0, 0);background:-o-radial-gradient(ellipse at 50% -50% , #e0dede 0px, rgba(255, 255, 255, 0) 80%) repeat scroll 0 0 rgba(0, 0, 0, 0);\"><\/div><\/div><\/div><\/div><\/div><\/div><div class=\"fusion-fullwidth fullwidth-box fusion-builder-row-3 fusion-flex-container nonhundred-percent-fullwidth non-hundred-percent-height-scrolling\" style=\"--awb-border-radius-top-left:0px;--awb-border-radius-top-right:0px;--awb-border-radius-bottom-right:0px;--awb-border-radius-bottom-left:0px;--awb-flex-wrap:wrap;\" ><div class=\"fusion-builder-row fusion-row fusion-flex-align-items-flex-start fusion-flex-content-wrap\" style=\"max-width:1248px;margin-left: calc(-4% \/ 2 );margin-right: calc(-4% \/ 2 );\"><div class=\"fusion-layout-column fusion_builder_column fusion-builder-column-2 fusion_builder_column_1_1 1_1 fusion-flex-column\" style=\"--awb-bg-size:cover;--awb-width-large:100%;--awb-margin-top-large:0px;--awb-spacing-right-large:1.92%;--awb-margin-bottom-large:20px;--awb-spacing-left-large:1.92%;--awb-width-medium:100%;--awb-order-medium:0;--awb-spacing-right-medium:1.92%;--awb-spacing-left-medium:1.92%;--awb-width-small:100%;--awb-order-small:0;--awb-spacing-right-small:1.92%;--awb-spacing-left-small:1.92%;\"><div class=\"fusion-column-wrapper fusion-column-has-shadow fusion-flex-justify-content-flex-start fusion-content-layout-column\"><div class=\"accordian fusion-accordian\" style=\"--awb-border-size:1px;--awb-icon-size:13px;--awb-content-font-size:14px;--awb-icon-alignment:left;--awb-hover-color:#f9f9f9;--awb-border-color:#cccccc;--awb-background-color:#ffffff;--awb-divider-color:#e0dede;--awb-divider-hover-color:#e0dede;--awb-icon-color:#ffffff;--awb-title-color:#333333;--awb-content-color:#747474;--awb-icon-box-color:#333333;--awb-toggle-hover-accent-color:#32ba3d;--awb-title-font-family:&quot;Barlow&quot;;--awb-title-font-weight:700;--awb-title-font-style:normal;--awb-title-font-size:14px;--awb-content-font-family:&quot;Barlow&quot;;--awb-content-font-style:normal;--awb-content-font-weight:500;\"><div class=\"panel-group fusion-toggle-icon-boxed\" id=\"accordion-4454-1\"><div class=\"fusion-panel panel-default panel-ac464745b8759e3cb fusion-toggle-has-divider\"><div class=\"panel-heading\"><h4 class=\"panel-title toggle\" id=\"toggle_ac464745b8759e3cb\"><a aria-expanded=\"false\" aria-controls=\"ac464745b8759e3cb\" role=\"button\" data-toggle=\"collapse\" data-parent=\"#accordion-4454-1\" data-target=\"#ac464745b8759e3cb\" href=\"#ac464745b8759e3cb\"><span class=\"fusion-toggle-icon-wrapper\" aria-hidden=\"true\"><i class=\"fa-fusion-box active-icon awb-icon-minus\" aria-hidden=\"true\"><\/i><i class=\"fa-fusion-box inactive-icon awb-icon-plus\" aria-hidden=\"true\"><\/i><\/span><span class=\"fusion-toggle-heading\">2022<\/span><\/a><\/h4><\/div><div id=\"ac464745b8759e3cb\" class=\"panel-collapse collapse \" aria-labelledby=\"toggle_ac464745b8759e3cb\"><div class=\"panel-body toggle-content fusion-clearfix\">\n<ul>\n<li><a href=\"https:\/\/transitobucaramanga.gov.co\/dtb\/wp-content\/uploads\/2022\/09\/260922-Pliego-Definitivo-de-interventoria-Semaforos.pdf\" target=\"_blank\" rel=\"noopener\">Documento Base &#8211; Pliego definitivo CM-DTB-001-2022<\/a><\/li>\n<li><a href=\"https:\/\/transitobucaramanga.gov.co\/dtb\/wp-content\/uploads\/2022\/09\/260922-Documento-Base-Definitivo-Semaforizacion-LP-DTB-003-2022.pdf\" target=\"_blank\" rel=\"noopener\">Documento Base &#8211; Pliego condiciones definitivo Licitaci\u00f3n de Infraestructura de Transporte (Versi\u00f3n 3) c\u00f3digo CCE-EICP-GI-01, Versi\u00f3n 6<\/a><\/li>\n<\/ul>\n<\/div><\/div><\/div><div class=\"fusion-panel panel-default panel-d62e32e79cbf98f9f fusion-toggle-has-divider\"><div class=\"panel-heading\"><h4 class=\"panel-title toggle\" id=\"toggle_d62e32e79cbf98f9f\"><a aria-expanded=\"false\" aria-controls=\"d62e32e79cbf98f9f\" role=\"button\" data-toggle=\"collapse\" data-parent=\"#accordion-4454-1\" data-target=\"#d62e32e79cbf98f9f\" href=\"#d62e32e79cbf98f9f\"><span class=\"fusion-toggle-icon-wrapper\" aria-hidden=\"true\"><i class=\"fa-fusion-box active-icon awb-icon-minus\" aria-hidden=\"true\"><\/i><i class=\"fa-fusion-box inactive-icon awb-icon-plus\" aria-hidden=\"true\"><\/i><\/span><span class=\"fusion-toggle-heading\">2021<\/span><\/a><\/h4><\/div><div id=\"d62e32e79cbf98f9f\" class=\"panel-collapse collapse \" aria-labelledby=\"toggle_d62e32e79cbf98f9f\"><div class=\"panel-body toggle-content fusion-clearfix\">\n<ul>\n<li><a href=\"https:\/\/transitobucaramanga.gov.co\/dtb\/wp-content\/uploads\/2021\/09\/Documento-Base-Seleccion-Abreviada-de-Menor-Cuantia-de-Infraestructura-de-Transporte-2021.docx\" target=\"_blank\" rel=\"noopener\">Documento Base &#8211; Selecci\u00f3n Abreviada de Menor Cuant\u00eda de Infraestructura de Transporte.<\/a><\/li>\n<li><a href=\"https:\/\/transitobucaramanga.gov.co\/dtb\/wp-content\/uploads\/2021\/09\/Documento-Base-Definitivo-Seleccion-Abreviada-de-Menor-Cuantia-de-Infraestructura-de-Transporte-2021.docx\" target=\"_blank\" rel=\"noopener\">Documento Base Definitivo &#8211; Selecci\u00f3n Abreviada de Menor Cuant\u00eda de Infraestructura de Transporte.<\/a><\/li>\n<li><a href=\"https:\/\/transitobucaramanga.gov.co\/dtb\/wp-content\/uploads\/2021\/09\/PR-JC-001-Procedimiento-seleccion-de-Proveedor-Minima-Cuantia-v.02.pdf\" target=\"_blank\" rel=\"noopener\">Procedimiento Selecci\u00f3n de Proveedor- M\u00ednima Cuant\u00eda<\/a><\/li>\n<li><a href=\"https:\/\/transitobucaramanga.gov.co\/dtb\/wp-content\/uploads\/2021\/09\/PR-JC-002-Procedimiento-Seleccion-de-Proveedor-Contratacion-Directa-v.03.pdf\" target=\"_blank\" rel=\"noopener\">Procedimiento Selecci\u00f3n de Proveedor Contrataci\u00f3n Directa<\/a><\/li>\n<li><a href=\"https:\/\/transitobucaramanga.gov.co\/dtb\/wp-content\/uploads\/2021\/09\/PR-JC-003-Procedimiento-Seleccion-de-Proveedor-Licitaciones-Publicas-v.02.pdf\" target=\"_blank\" rel=\"noopener\">Procedimiento Selecci\u00f3n de Proveedor Licitaciones Publicas<\/a><\/li>\n<li><a href=\"https:\/\/transitobucaramanga.gov.co\/dtb\/wp-content\/uploads\/2021\/09\/PR-JC-004-Procedimiento-Seleccion-de-Proveedor-Seleccion-abreviada-sub-inversa-v0.2.pdf\" target=\"_blank\" rel=\"noopener\">Procedimiento Selecci\u00f3n de Proveedor Selecci\u00f3n abreviada-sub inversa<\/a><\/li>\n<li><a href=\"https:\/\/transitobucaramanga.gov.co\/dtb\/wp-content\/uploads\/2021\/09\/PR-JC-005-Procedimiento-Seleccion-de-Proveedor-Seleccion-abreviada-Menor-cuantia-v.02.pdf\" target=\"_blank\" rel=\"noopener\">Procedimiento Selecci\u00f3n de Proveedor Selecci\u00f3n abreviada- Menor cuant\u00eda<\/a><\/li>\n<li><a href=\"https:\/\/transitobucaramanga.gov.co\/dtb\/wp-content\/uploads\/2021\/09\/PR-JC-012-Seleccion-de-proveedores-por-la-tienda-virtual-del-estado-colombiano-TVEC-v.03.pdf\" target=\"_blank\" rel=\"noopener\">Selecci\u00f3n de proveedores por la tienda virtual del estado colombiano<\/a><\/li>\n<\/ul>\n<\/div><\/div><\/div><\/div><\/div><\/div><\/div><\/div><\/div><\/p>\n","protected":false},"excerpt":{"rendered":"","protected":false},"author":1,"featured_media":0,"parent":3003,"menu_order":0,"comment_status":"closed","ping_status":"closed","template":"","meta":{"footnotes":""},"class_list":["post-4454","page","type-page","status-publish","hentry"],"jetpack_sharing_enabled":true,"_links":{"self":[{"href":"https:\/\/transitobucaramanga.gov.co\/dtb\/wp-json\/wp\/v2\/pages\/4454","targetHints":{"allow":["GET"]}}],"collection":[{"href":"https:\/\/transitobucaramanga.gov.co\/dtb\/wp-json\/wp\/v2\/pages"}],"about":[{"href":"https:\/\/transitobucaramanga.gov.co\/dtb\/wp-json\/wp\/v2\/types\/page"}],"author":[{"embeddable":true,"href":"https:\/\/transitobucaramanga.gov.co\/dtb\/wp-json\/wp\/v2\/users\/1"}],"replies":[{"embeddable":true,"href":"https:\/\/transitobucaramanga.gov.co\/dtb\/wp-json\/wp\/v2\/comments?post=4454"}],"version-history":[{"count":5,"href":"https:\/\/transitobucaramanga.gov.co\/dtb\/wp-json\/wp\/v2\/pages\/4454\/revisions"}],"predecessor-version":[{"id":6952,"href":"https:\/\/transitobucaramanga.gov.co\/dtb\/wp-json\/wp\/v2\/pages\/4454\/revisions\/6952"}],"up":[{"embeddable":true,"href":"https:\/\/transitobucaramanga.gov.co\/dtb\/wp-json\/wp\/v2\/pages\/3003"}],"wp:attachment":[{"href":"https:\/\/transitobucaramanga.gov.co\/dtb\/wp-json\/wp\/v2\/media?parent=4454"}],"curies":[{"name":"wp","href":"https:\/\/api.w.org\/{rel}","templated":true}]}}