{"id":5486,"date":"2022-01-31T16:44:33","date_gmt":"2022-01-31T21:44:33","guid":{"rendered":"http:\/\/transitobucaramanga.gov.co\/dtb\/?page_id=5486"},"modified":"2026-03-24T09:03:22","modified_gmt":"2026-03-24T14:03:22","slug":"planes-institucionales-y-estrategicos","status":"publish","type":"page","link":"https:\/\/transitobucaramanga.gov.co\/dtb\/transparencia\/obligacion-de-reporte-de-informacion-especifica-por-parte-de-la-entidad\/planes-institucionales-y-estrategicos","title":{"rendered":"Planes Institucionales y Estrat\u00e9gicos"},"content":{"rendered":"<p><div class=\"fusion-fullwidth fullwidth-box fusion-builder-row-1 fusion-flex-container nonhundred-percent-fullwidth non-hundred-percent-height-scrolling\" style=\"--awb-border-radius-top-left:0px;--awb-border-radius-top-right:0px;--awb-border-radius-bottom-right:0px;--awb-border-radius-bottom-left:0px;--awb-flex-wrap:wrap;\" ><div class=\"fusion-builder-row fusion-row fusion-flex-align-items-flex-start fusion-flex-content-wrap\" style=\"max-width:1248px;margin-left: calc(-4% \/ 2 );margin-right: calc(-4% \/ 2 );\"><div class=\"fusion-layout-column fusion_builder_column fusion-builder-column-0 fusion_builder_column_1_1 1_1 fusion-flex-column\" style=\"--awb-bg-size:cover;--awb-width-large:100%;--awb-margin-top-large:0px;--awb-spacing-right-large:1.92%;--awb-margin-bottom-large:20px;--awb-spacing-left-large:1.92%;--awb-width-medium:100%;--awb-order-medium:0;--awb-spacing-right-medium:1.92%;--awb-spacing-left-medium:1.92%;--awb-width-small:100%;--awb-order-small:0;--awb-spacing-right-small:1.92%;--awb-spacing-left-small:1.92%;\"><div class=\"fusion-column-wrapper fusion-column-has-shadow fusion-flex-justify-content-flex-start fusion-content-layout-column\"><nav class=\"fusion-breadcrumbs fusion-breadcrumbs-1\" style=\"--awb-breadcrumb-sep:&#039;\/&#039;;\" aria-label=\"Breadcrumb\"><ol class=\"awb-breadcrumb-list\"><li class=\"fusion-breadcrumb-item awb-breadcrumb-sep awb-home\" ><a href=\"https:\/\/transitobucaramanga.gov.co\/dtb\" class=\"fusion-breadcrumb-link\"><span >Home<\/span><\/a><\/li><\/ol><\/nav><\/div><\/div><div class=\"fusion-layout-column fusion_builder_column fusion-builder-column-1 fusion_builder_column_1_1 1_1 fusion-flex-column\" style=\"--awb-bg-size:cover;--awb-width-large:100%;--awb-margin-top-large:0px;--awb-spacing-right-large:1.92%;--awb-margin-bottom-large:20px;--awb-spacing-left-large:1.92%;--awb-width-medium:100%;--awb-order-medium:0;--awb-spacing-right-medium:1.92%;--awb-spacing-left-medium:1.92%;--awb-width-small:100%;--awb-order-small:0;--awb-spacing-right-small:1.92%;--awb-spacing-left-small:1.92%;\"><div class=\"fusion-column-wrapper fusion-column-has-shadow fusion-flex-justify-content-flex-start fusion-content-layout-column\"><div class=\"fusion-title title fusion-title-1 fusion-title-center fusion-title-text fusion-title-size-one\"><div class=\"title-sep-container title-sep-container-left\"><div class=\"title-sep sep- sep-solid\" style=\"border-color:#e0dede;\"><\/div><\/div><span class=\"awb-title-spacer\"><\/span><h1 class=\"fusion-title-heading title-heading-center\" style=\"margin:0;\">Planes <span style=\"color: #34ba3d;\">Institucionales<\/span> y Estrat\u00e9gicos<\/h1><span class=\"awb-title-spacer\"><\/span><div class=\"title-sep-container title-sep-container-right\"><div class=\"title-sep sep- sep-solid\" style=\"border-color:#e0dede;\"><\/div><\/div><\/div><div class=\"fusion-separator fusion-full-width-sep\" style=\"align-self: center;margin-left: auto;margin-right: auto;width:100%;\"><div class=\"fusion-separator-border sep-shadow\" style=\"--awb-height:20px;--awb-amount:20px;background:radial-gradient(ellipse at 50% -50% , #e0dede 0px, rgba(255, 255, 255, 0) 80%) repeat scroll 0 0 rgba(0, 0, 0, 0);background:-webkit-radial-gradient(ellipse at 50% -50% , #e0dede 0px, rgba(255, 255, 255, 0) 80%) repeat scroll 0 0 rgba(0, 0, 0, 0);background:-moz-radial-gradient(ellipse at 50% -50% , #e0dede 0px, rgba(255, 255, 255, 0) 80%) repeat scroll 0 0 rgba(0, 0, 0, 0);background:-o-radial-gradient(ellipse at 50% -50% , #e0dede 0px, rgba(255, 255, 255, 0) 80%) repeat scroll 0 0 rgba(0, 0, 0, 0);\"><\/div><\/div><\/div><\/div><\/div><\/div><div class=\"fusion-fullwidth fullwidth-box fusion-builder-row-2 fusion-flex-container nonhundred-percent-fullwidth non-hundred-percent-height-scrolling\" style=\"--awb-border-radius-top-left:0px;--awb-border-radius-top-right:0px;--awb-border-radius-bottom-right:0px;--awb-border-radius-bottom-left:0px;--awb-flex-wrap:wrap;\" ><div class=\"fusion-builder-row fusion-row fusion-flex-align-items-flex-start fusion-flex-content-wrap\" style=\"max-width:1248px;margin-left: calc(-4% \/ 2 );margin-right: calc(-4% \/ 2 );\"><div class=\"fusion-layout-column fusion_builder_column fusion-builder-column-2 fusion_builder_column_1_1 1_1 fusion-flex-column\" style=\"--awb-bg-size:cover;--awb-width-large:100%;--awb-margin-top-large:0px;--awb-spacing-right-large:1.92%;--awb-margin-bottom-large:20px;--awb-spacing-left-large:1.92%;--awb-width-medium:100%;--awb-order-medium:0;--awb-spacing-right-medium:1.92%;--awb-spacing-left-medium:1.92%;--awb-width-small:100%;--awb-order-small:0;--awb-spacing-right-small:1.92%;--awb-spacing-left-small:1.92%;\"><div class=\"fusion-column-wrapper fusion-column-has-shadow fusion-flex-justify-content-flex-start fusion-content-layout-column\"><div class=\"accordian fusion-accordian\" style=\"--awb-border-size:1px;--awb-icon-size:13px;--awb-content-font-size:14px;--awb-icon-alignment:left;--awb-hover-color:#f9f9f9;--awb-border-color:#cccccc;--awb-background-color:#ffffff;--awb-divider-color:#e0dede;--awb-divider-hover-color:#e0dede;--awb-icon-color:#ffffff;--awb-title-color:#333333;--awb-content-color:#747474;--awb-icon-box-color:#333333;--awb-toggle-hover-accent-color:#32ba3d;--awb-title-font-family:&quot;Barlow&quot;;--awb-title-font-weight:700;--awb-title-font-style:normal;--awb-title-font-size:14px;--awb-content-font-family:&quot;Barlow&quot;;--awb-content-font-style:normal;--awb-content-font-weight:500;\"><div class=\"panel-group fusion-toggle-icon-boxed\" id=\"accordion-5486-1\"><div class=\"fusion-panel panel-default panel-82eed9ecbe361d02f fusion-toggle-has-divider\" style=\"--awb-title-color:#333333;--awb-content-color:#747474;\"><div class=\"panel-heading\"><h4 class=\"panel-title toggle\" id=\"toggle_82eed9ecbe361d02f\"><a aria-expanded=\"false\" aria-controls=\"82eed9ecbe361d02f\" role=\"button\" data-toggle=\"collapse\" data-parent=\"#accordion-5486-1\" data-target=\"#82eed9ecbe361d02f\" href=\"#82eed9ecbe361d02f\"><span class=\"fusion-toggle-icon-wrapper\" aria-hidden=\"true\"><i class=\"fa-fusion-box active-icon awb-icon-minus\" aria-hidden=\"true\"><\/i><i class=\"fa-fusion-box inactive-icon awb-icon-plus\" aria-hidden=\"true\"><\/i><\/span><span class=\"fusion-toggle-heading\">2026<\/span><\/a><\/h4><\/div><div id=\"82eed9ecbe361d02f\" class=\"panel-collapse collapse \" aria-labelledby=\"toggle_82eed9ecbe361d02f\"><div class=\"panel-body toggle-content fusion-clearfix\">\n<ul>\n<li><a href=\"https:\/\/transitobucaramanga.gov.co\/consulta_resoluciones_DTB\/uploads\/RESOLUCION-082-2026.pdf\" target=\"_blank\" rel=\"noopener\">Resoluci\u00f3n 082 &#8211; 2026 &#8211; Aprobaci\u00f3n y Adopci\u00f3n de Planes Estrat\u00e9gicos Institucionales\u00a0<\/a><\/li>\n<li><a href=\"https:\/\/transitobucaramanga.gov.co\/dtb\/wp-content\/uploads\/2026\/01\/Resolucion-010-Plan-Anual-de-Adquisiciones.pdf\" target=\"_blank\" rel=\"noopener\">Resoluci\u00f3n 010 &#8211; Adopsi\u00f3n del Plan Anual de Adquisiciones<\/a><\/li>\n<li><a href=\"https:\/\/transitobucaramanga.gov.co\/dtb\/wp-content\/uploads\/2026\/01\/03-FT-DIR-029-PLAN-ANUAL-DE-ADQUISICIONES-2026-DTB.pdf\" target=\"_blank\" rel=\"noopener\">Plan anual de adquisiciones 2026<\/a><\/li>\n<li><a href=\"https:\/\/transitobucaramanga.gov.co\/dtb\/wp-content\/uploads\/2026\/01\/03-RESOLUCION-008-2025-PLAN-ANUAL-DE-ADQUISICIONES-PAA-.pdf\" target=\"_blank\" rel=\"noopener\">Resoluci\u00f3n 008 2025 &#8211; Plan anual de adquisiciones PAA<\/a><\/li>\n<li><a href=\"https:\/\/transitobucaramanga.gov.co\/dtb\/wp-content\/uploads\/2026\/01\/06-PL-GDAM-002-PLAN-DE-PREVISION-DE-RECURSOS-HUMANOS-Y-VACANTES-2026-1.pdf\" target=\"_blank\" rel=\"noopener\">Plan de previsi\u00f3n de recursos humanos y vacantes 2026<\/a><\/li>\n<li><a href=\"https:\/\/transitobucaramanga.gov.co\/dtb\/wp-content\/uploads\/2026\/01\/07-PL-GDAM-003-PLAN-ESTRATEGICO-DE-TALENTO-HUMANO-PETH-2026.pdf\" target=\"_blank\" rel=\"noopener\">Plan estrat\u00e9gico de Talento Humano PETH 2026<\/a><\/li>\n<li><a href=\"https:\/\/transitobucaramanga.gov.co\/dtb\/wp-content\/uploads\/2026\/01\/08-PL-GDAM-004-PLAN-INSTITUCIONAL-DE-CAPACITACION-Y-FORMACION-PIC-2026.pdf\" target=\"_blank\" rel=\"noopener\">Plan institucional de capacitaci\u00f3n y formaci\u00f3n PIC 2026<\/a><\/li>\n<li><a href=\"https:\/\/transitobucaramanga.gov.co\/dtb\/wp-content\/uploads\/2026\/01\/09-PL-GDAM-001-PLAN-DE-BIENESTAR-E-INCENTIVOS-2026.pdf\" target=\"_blank\" rel=\"noopener\">Plan de bienestar e incentivos 2026<\/a><\/li>\n<li><a href=\"https:\/\/transitobucaramanga.gov.co\/dtb\/wp-content\/uploads\/2026\/01\/10-FT-GDAM-006-PLAN-DE-TRABAJO-SST.pdf\" target=\"_blank\" rel=\"noopener\">Plan de trabajo SST<\/a><\/li>\n<li><a href=\"https:\/\/transitobucaramanga.gov.co\/dtb\/wp-content\/uploads\/2026\/01\/10-PLAN-DE-TRABAJO-ACTIVIDADES.pdf\" target=\"_blank\" rel=\"noopener\">Plan de trabajo &#8211; Actividades<\/a><\/li>\n<li><a href=\"https:\/\/transitobucaramanga.gov.co\/dtb\/wp-content\/uploads\/2026\/01\/01-FT-DIR-001-PLAN-DE-ACCION-2026-V-08.xlsx\" target=\"_blank\" rel=\"noopener\">Plan de acci\u00f3n 2026<\/a><\/li>\n<li><a href=\"https:\/\/transitobucaramanga.gov.co\/dtb\/wp-content\/uploads\/2026\/01\/02-FT-DIR-049-PLAN-OPERACION-ANUAL-DE-INVERSIONES-POAI-2026-v2.xlsx\" target=\"_blank\" rel=\"noopener\">Plan operaci\u00f3n anual de inversiones POAI 2026<\/a><\/li>\n<li><a href=\"https:\/\/transitobucaramanga.gov.co\/dtb\/wp-content\/uploads\/2026\/01\/04-FT-DIR-054-PLAN-DE-TRANSICION-PROGRAMA-DE-TRANSPARENCIA-Y-ETICA-PUBLICA-PTEP-2026-V-01.xlsx\" target=\"_blank\" rel=\"noopener\">Plan de transici\u00f3n programa de transparencia y \u00e9tica p\u00fablica PTEP 2026<\/a><\/li>\n<li><a href=\"https:\/\/transitobucaramanga.gov.co\/dtb\/wp-content\/uploads\/2026\/01\/14-PLAN-INSTITUCIONAL-DE-GESTION-AMBIENTAL-PIGA-2026-V-1.xlsx\" target=\"_blank\" rel=\"noopener\">Plan institucional de gesti\u00f3n ambiental PIGA 2026<\/a><\/li>\n<li><a href=\"https:\/\/transitobucaramanga.gov.co\/dtb\/wp-content\/uploads\/2026\/01\/PL-GTIC-001-PLAN-ESTRATEGICO-DE-TECNOLOGIAS-DE-LA-INFORMACION-PETI-V3.pdf\" target=\"_blank\" rel=\"noopener\">Plan estrat\u00e9gico de tecnolog\u00edas de la informaci\u00f3n PETI<\/a><\/li>\n<li><a href=\"https:\/\/transitobucaramanga.gov.co\/dtb\/wp-content\/uploads\/2026\/01\/PL-GTIC-008-v01-PLAN-DE-TRATAMIENTO-DE-DATOS.pdf\" target=\"_blank\" rel=\"noopener\">Plan de tratamiento de datos<\/a><\/li>\n<li><a href=\"https:\/\/transitobucaramanga.gov.co\/dtb\/wp-content\/uploads\/2026\/01\/PL-GTIC-009-v1-Plan-seguridad-privacidad-informacion-2026.pdf\" target=\"_blank\" rel=\"noopener\">Plan seguridad privacidad de la informaci\u00f3n 2026<\/a><\/li>\n<li><a href=\"https:\/\/transitobucaramanga.gov.co\/dtb\/wp-content\/uploads\/2026\/01\/05-PL-GDAM-005-PLAN-INSTITUCIONAL-DE-ARCHIVOS-DE-LA-ENTIDAD-\u2013-PINAR.pdf\" target=\"_blank\" rel=\"noopener\">Plan institucional de archivos PINAR<\/a><\/li>\n<li><a href=\"https:\/\/transitobucaramanga.gov.co\/dtb\/wp-content\/uploads\/2026\/01\/05-PL-GDAM-05-SISTEMA-INTEGRADO-DE-CONSERVACION-DOCUMENAL-.pdf\" target=\"_blank\" rel=\"noopener\">Sistema integrado de conservaci\u00f3n documental GDAM<\/a><\/li>\n<\/ul>\n<\/div><\/div><\/div><div class=\"fusion-panel panel-default panel-33e904375b7937bcf fusion-toggle-has-divider\" style=\"--awb-title-color:#333333;--awb-content-color:#747474;\"><div class=\"panel-heading\"><h4 class=\"panel-title toggle\" id=\"toggle_33e904375b7937bcf\"><a aria-expanded=\"false\" aria-controls=\"33e904375b7937bcf\" role=\"button\" data-toggle=\"collapse\" data-parent=\"#accordion-5486-1\" data-target=\"#33e904375b7937bcf\" href=\"#33e904375b7937bcf\"><span class=\"fusion-toggle-icon-wrapper\" aria-hidden=\"true\"><i class=\"fa-fusion-box active-icon awb-icon-minus\" aria-hidden=\"true\"><\/i><i class=\"fa-fusion-box inactive-icon awb-icon-plus\" aria-hidden=\"true\"><\/i><\/span><span class=\"fusion-toggle-heading\">2025<\/span><\/a><\/h4><\/div><div id=\"33e904375b7937bcf\" class=\"panel-collapse collapse \" aria-labelledby=\"toggle_33e904375b7937bcf\"><div class=\"panel-body toggle-content fusion-clearfix\">\n<ul>\n<li><a href=\"https:\/\/transitobucaramanga.gov.co\/dtb\/wp-content\/uploads\/2025\/01\/PLAN-DE-ACCION-2025.xlsx\" target=\"_blank\" rel=\"noopener\">Plan de Acci\u00f3n 2025<\/a><\/li>\n<li><a href=\"https:\/\/transitobucaramanga.gov.co\/dtb\/wp-content\/uploads\/2025\/01\/Plan-de-trabajo-PIGA2025.xlsx\" target=\"_blank\" rel=\"noopener\">Plan de Trabajo PIGA 2025<\/a><\/li>\n<li><a href=\"https:\/\/transitobucaramanga.gov.co\/dtb\/wp-content\/uploads\/2025\/01\/PLAN-DE-TRABAJO-SG-SST-2025-ACTUALIZADO-1.xlsx\" target=\"_blank\" rel=\"noopener\">Plan de Trabajo SG-SST 2025<\/a><\/li>\n<li><a href=\"https:\/\/transitobucaramanga.gov.co\/dtb\/wp-content\/uploads\/2025\/01\/POAI-2025-FINAL.xlsx\" target=\"_blank\" rel=\"noopener\">POAI 2025<\/a><\/li>\n<li><a href=\"https:\/\/transitobucaramanga.gov.co\/dtb\/wp-content\/uploads\/2025\/01\/PETI-2025-2027.pdf\" target=\"_blank\" rel=\"noopener\">PETI 2025 &#8211; 2027<\/a><\/li>\n<li><a href=\"https:\/\/transitobucaramanga.gov.co\/dtb\/wp-content\/uploads\/2025\/01\/PINAR2025-1.pdf\" target=\"_blank\" rel=\"noopener\">PINAR 2025<\/a><\/li>\n<li><a href=\"https:\/\/transitobucaramanga.gov.co\/dtb\/wp-content\/uploads\/2025\/01\/PLAN-ANUAL-DE-ADQUISICIONES-2025.pdf\" target=\"_blank\" rel=\"noopener\">Plan Anual de Adquisiciones 2025<\/a><\/li>\n<li><a href=\"https:\/\/transitobucaramanga.gov.co\/dtb\/wp-content\/uploads\/2025\/01\/PLAN-DE-BIENESTAR-E-INCENTIVOS-2025.pdf\" target=\"_blank\" rel=\"noopener\">Plan de Bienestar e Incentivos 2025<\/a><\/li>\n<li><a href=\"https:\/\/transitobucaramanga.gov.co\/dtb\/wp-content\/uploads\/2025\/01\/PLAN-DE-CAPACITACION-Y-FORMACION-2025.pdf\" target=\"_blank\" rel=\"noopener\">Plan de Capacitaci\u00f3n y Formaci\u00f3n 2025<\/a><\/li>\n<li><a href=\"https:\/\/transitobucaramanga.gov.co\/dtb\/wp-content\/uploads\/2025\/01\/PLAN-DE-DE-TRATAMIENTO-DE-RIESGOS-1.pdf\" target=\"_blank\" rel=\"noopener\">Plan de Tratamiento de Riesgos 2025<\/a><\/li>\n<li><a href=\"https:\/\/transitobucaramanga.gov.co\/dtb\/wp-content\/uploads\/2025\/01\/PLAN-DE-PREVISION-DE-RECURSOS-HUMANOS-Y-VACANTES-2025.pdf\" target=\"_blank\" rel=\"noopener\">Plan de Previsi\u00f3n de Recursos Humanos y Vacantes 2025<\/a><\/li>\n<li><a href=\"https:\/\/transitobucaramanga.gov.co\/dtb\/wp-content\/uploads\/2025\/01\/PLAN-ESTRATEGICO-DE-TALENTO-HUMANO-2025.pdf\" target=\"_blank\" rel=\"noopener\">Plan Estrat\u00e9gico de Talento Humano 2025<\/a><\/li>\n<li><a href=\"https:\/\/transitobucaramanga.gov.co\/dtb\/wp-content\/uploads\/2025\/01\/Plan_seguridad_privacidad_informacion_2025.pdf\" target=\"_blank\" rel=\"noopener\">Plan de Seguridad y Privacidad de la Informaci\u00f3n 2025<\/a><\/li>\n<\/ul>\n<\/div><\/div><\/div><div class=\"fusion-panel panel-default panel-1962e3f4c02f72e2b fusion-toggle-has-divider\"><div class=\"panel-heading\"><h4 class=\"panel-title toggle\" id=\"toggle_1962e3f4c02f72e2b\"><a aria-expanded=\"false\" aria-controls=\"1962e3f4c02f72e2b\" role=\"button\" data-toggle=\"collapse\" data-parent=\"#accordion-5486-1\" data-target=\"#1962e3f4c02f72e2b\" href=\"#1962e3f4c02f72e2b\"><span class=\"fusion-toggle-icon-wrapper\" aria-hidden=\"true\"><i class=\"fa-fusion-box active-icon awb-icon-minus\" aria-hidden=\"true\"><\/i><i class=\"fa-fusion-box inactive-icon awb-icon-plus\" aria-hidden=\"true\"><\/i><\/span><span class=\"fusion-toggle-heading\">2024<\/span><\/a><\/h4><\/div><div id=\"1962e3f4c02f72e2b\" class=\"panel-collapse collapse \" aria-labelledby=\"toggle_1962e3f4c02f72e2b\"><div class=\"panel-body toggle-content fusion-clearfix\">\n<p><a href=\"https:\/\/transitobucaramanga.gov.co\/dtb\/wp-content\/uploads\/2024\/01\/PLAN-INSTITUCIONAL-DE-CAPACITACION-Y-FORMACION-2024.pdf\" target=\"_blank\" rel=\"noopener\">Plan Institucional de Capacitaci\u00f3n y Formaci\u00f3n &#8211; 2024<\/a><\/p>\n<p><a href=\"https:\/\/transitobucaramanga.gov.co\/dtb\/wp-content\/uploads\/2024\/01\/PLAN-ESTRATEGICO-DE-TALENTO-HUMANO-2024.pdf\" target=\"_blank\" rel=\"noopener\">Plan Estrat\u00e9gico de Talento Humano &#8211; 2024<\/a><\/p>\n<p><a href=\"https:\/\/transitobucaramanga.gov.co\/dtb\/wp-content\/uploads\/2024\/01\/PLAN-DE-PREVISION-DE-RECURSOS-HUMANOS-Y-VACANTES-2024.pdf\" target=\"_blank\" rel=\"noopener\">Plan de Previsi\u00f3n de Recursos Humanos y Vacantes &#8211; 2024<\/a><\/p>\n<p><a href=\"https:\/\/transitobucaramanga.gov.co\/dtb\/wp-content\/uploads\/2024\/01\/PROGRAMA-DE-BIENESTAR-E-INCENTIVOS-2024.pdf\" target=\"_blank\" rel=\"noopener\">Programa de Bienestar e Incentivos &#8211; 2024<\/a><\/p>\n<p><a href=\"https:\/\/transitobucaramanga.gov.co\/dtb\/wp-content\/uploads\/2024\/01\/5-Plan-de-Seguridad-y-Privacidad-de-la-Informacion.pdf\" target=\"_blank\" rel=\"noopener\">Plan de Seguridad y Privacidad de la Informaci\u00f3n &#8211; 2024<\/a><\/p>\n<p><a href=\"https:\/\/transitobucaramanga.gov.co\/dtb\/wp-content\/uploads\/2024\/01\/6-Plan-Anual-de-Trabajo-del-Sistema-Integrado-de-Gestion-SIG-2024.pdf\" target=\"_blank\" rel=\"noopener\">Plan Anual de Trabajo del Sistema Integrado de Gesti\u00f3n &#8211; SIG &#8211; 2024<\/a><\/p>\n<p><a href=\"https:\/\/transitobucaramanga.gov.co\/dtb\/wp-content\/uploads\/2024\/01\/PLAN-SISTEMA-DE-GESTION-SEGURIDAD-Y-SALUD-EN-EL-TRABAJO-2024.pdf\" target=\"_blank\" rel=\"noopener\">Plan de Trabajo Anual SG-SST &#8211; 2024<\/a><\/p>\n<p><a href=\"https:\/\/transitobucaramanga.gov.co\/dtb\/wp-content\/uploads\/2024\/01\/8-Plan-de-Tratamiento-de-Riesgos.pdf\" target=\"_blank\" rel=\"noopener\">Plan de Tratamiento de Riesgos<\/a><\/p>\n<p><a href=\"https:\/\/transitobucaramanga.gov.co\/dtb\/wp-content\/uploads\/2024\/01\/9-Plan-de-Accion-POAI-2024.pdf\" target=\"_blank\" rel=\"noopener\">Plan de Acci\u00f3n &#8211; POAI &#8211; 2024<\/a><\/p>\n<p><a href=\"https:\/\/transitobucaramanga.gov.co\/dtb\/wp-content\/uploads\/2024\/01\/10-Plan-Estrategico-de-Tecnologias-de-la-Informacion-PETI-2023-2025.pdf\" target=\"_blank\" rel=\"noopener\">Plan Estrat\u00e9gico de Tecnolog\u00edas de la Informaci\u00f3n &#8211; PETI &#8211; 2023-2025<\/a><\/p>\n<p><a href=\"https:\/\/transitobucaramanga.gov.co\/dtb\/wp-content\/uploads\/2024\/01\/12-Plan-Anual-de-Adquisiciones-PAA-2024.pdf\" target=\"_blank\" rel=\"noopener\">Plan Anual de Adquisiciones &#8211; PAA &#8211; 2024<\/a><\/p>\n<\/div><\/div><\/div><div class=\"fusion-panel panel-default panel-19f5bb162ca5c1afa fusion-toggle-has-divider\"><div class=\"panel-heading\"><h4 class=\"panel-title toggle\" id=\"toggle_19f5bb162ca5c1afa\"><a aria-expanded=\"false\" aria-controls=\"19f5bb162ca5c1afa\" role=\"button\" data-toggle=\"collapse\" data-parent=\"#accordion-5486-1\" data-target=\"#19f5bb162ca5c1afa\" href=\"#19f5bb162ca5c1afa\"><span class=\"fusion-toggle-icon-wrapper\" aria-hidden=\"true\"><i class=\"fa-fusion-box active-icon awb-icon-minus\" aria-hidden=\"true\"><\/i><i class=\"fa-fusion-box inactive-icon awb-icon-plus\" aria-hidden=\"true\"><\/i><\/span><span class=\"fusion-toggle-heading\">2022<\/span><\/a><\/h4><\/div><div id=\"19f5bb162ca5c1afa\" class=\"panel-collapse collapse \" aria-labelledby=\"toggle_19f5bb162ca5c1afa\"><div class=\"panel-body toggle-content fusion-clearfix\">\n<p><a href=\"https:\/\/transitobucaramanga.gov.co\/dtb\/wp-content\/uploads\/2022\/06\/PLAN-DE-ACCION-DTB-I-TRIMESTRE-2022.xlsx\" target=\"_blank\" rel=\"noopener\">Plan Estrat\u00e9gico de Vigilancia y Control &#8211; Plan de Acci\u00f3n &#8211; I trimestre 2022<\/a><\/p>\n<p><a href=\"https:\/\/transitobucaramanga.gov.co\/dtb\/wp-content\/uploads\/2022\/06\/PLAN-DE-ACCION-DTB-VIGENCIA-2022.xlsx\" target=\"_blank\" rel=\"noopener\">Plan Estrat\u00e9gico de Vigilancia y Control &#8211; Plan de Acci\u00f3n &#8211; Vigencia 2022<\/a><\/p>\n<p><a href=\"https:\/\/transitobucaramanga.gov.co\/dtb\/wp-content\/uploads\/2022\/01\/310122-Plan-Estrategico-de-Tecnologia-OAS-DTB-2021-2023.pdf\" target=\"_blank\" rel=\"noopener\">Plan Estrat\u00e9gico de Tecnolog\u00edas de la Informaci\u00f3n &#8211; PETI<\/a><\/p>\n<\/div><\/div><\/div><\/div><\/div><\/div><\/div><\/div><\/div><\/p>\n","protected":false},"excerpt":{"rendered":"","protected":false},"author":1,"featured_media":0,"parent":3205,"menu_order":0,"comment_status":"closed","ping_status":"closed","template":"","meta":{"footnotes":""},"class_list":["post-5486","page","type-page","status-publish","hentry"],"jetpack_sharing_enabled":true,"_links":{"self":[{"href":"https:\/\/transitobucaramanga.gov.co\/dtb\/wp-json\/wp\/v2\/pages\/5486","targetHints":{"allow":["GET"]}}],"collection":[{"href":"https:\/\/transitobucaramanga.gov.co\/dtb\/wp-json\/wp\/v2\/pages"}],"about":[{"href":"https:\/\/transitobucaramanga.gov.co\/dtb\/wp-json\/wp\/v2\/types\/page"}],"author":[{"embeddable":true,"href":"https:\/\/transitobucaramanga.gov.co\/dtb\/wp-json\/wp\/v2\/users\/1"}],"replies":[{"embeddable":true,"href":"https:\/\/transitobucaramanga.gov.co\/dtb\/wp-json\/wp\/v2\/comments?post=5486"}],"version-history":[{"count":30,"href":"https:\/\/transitobucaramanga.gov.co\/dtb\/wp-json\/wp\/v2\/pages\/5486\/revisions"}],"predecessor-version":[{"id":12167,"href":"https:\/\/transitobucaramanga.gov.co\/dtb\/wp-json\/wp\/v2\/pages\/5486\/revisions\/12167"}],"up":[{"embeddable":true,"href":"https:\/\/transitobucaramanga.gov.co\/dtb\/wp-json\/wp\/v2\/pages\/3205"}],"wp:attachment":[{"href":"https:\/\/transitobucaramanga.gov.co\/dtb\/wp-json\/wp\/v2\/media?parent=5486"}],"curies":[{"name":"wp","href":"https:\/\/api.w.org\/{rel}","templated":true}]}}