{"id":6985,"date":"2022-09-27T12:53:54","date_gmt":"2022-09-27T17:53:54","guid":{"rendered":"https:\/\/transitobucaramanga.gov.co\/dtb\/?page_id=6985"},"modified":"2026-04-23T10:53:00","modified_gmt":"2026-04-23T15:53:00","slug":"rendicion-de-cuentas","status":"publish","type":"page","link":"https:\/\/transitobucaramanga.gov.co\/dtb\/transparencia\/participa\/rendicion-de-cuentas","title":{"rendered":"Rendici\u00f3n de cuentas"},"content":{"rendered":"<p><div class=\"fusion-fullwidth fullwidth-box fusion-builder-row-1 fusion-flex-container nonhundred-percent-fullwidth non-hundred-percent-height-scrolling\" style=\"--awb-border-radius-top-left:0px;--awb-border-radius-top-right:0px;--awb-border-radius-bottom-right:0px;--awb-border-radius-bottom-left:0px;--awb-flex-wrap:wrap;\" ><div class=\"fusion-builder-row fusion-row fusion-flex-align-items-flex-start fusion-flex-content-wrap\" style=\"max-width:1248px;margin-left: calc(-4% \/ 2 );margin-right: calc(-4% \/ 2 );\"><div class=\"fusion-layout-column fusion_builder_column fusion-builder-column-0 fusion_builder_column_1_1 1_1 fusion-flex-column\" style=\"--awb-bg-size:cover;--awb-width-large:100%;--awb-margin-top-large:0px;--awb-spacing-right-large:1.92%;--awb-margin-bottom-large:20px;--awb-spacing-left-large:1.92%;--awb-width-medium:100%;--awb-order-medium:0;--awb-spacing-right-medium:1.92%;--awb-spacing-left-medium:1.92%;--awb-width-small:100%;--awb-order-small:0;--awb-spacing-right-small:1.92%;--awb-spacing-left-small:1.92%;\"><div class=\"fusion-column-wrapper fusion-column-has-shadow fusion-flex-justify-content-flex-start fusion-content-layout-column\"><nav class=\"fusion-breadcrumbs fusion-breadcrumbs-1\" style=\"--awb-breadcrumb-sep:&#039;\/&#039;;\" aria-label=\"Breadcrumb\"><ol class=\"awb-breadcrumb-list\"><li class=\"fusion-breadcrumb-item awb-breadcrumb-sep awb-home\" ><a href=\"https:\/\/transitobucaramanga.gov.co\/dtb\" class=\"fusion-breadcrumb-link\"><span >Home<\/span><\/a><\/li><\/ol><\/nav><\/div><\/div><\/div><\/div><div class=\"fusion-fullwidth fullwidth-box fusion-builder-row-2 fusion-flex-container nonhundred-percent-fullwidth non-hundred-percent-height-scrolling\" style=\"--awb-border-radius-top-left:0px;--awb-border-radius-top-right:0px;--awb-border-radius-bottom-right:0px;--awb-border-radius-bottom-left:0px;--awb-flex-wrap:wrap;\" ><div class=\"fusion-builder-row fusion-row fusion-flex-align-items-flex-start fusion-flex-content-wrap\" style=\"max-width:1248px;margin-left: calc(-4% \/ 2 );margin-right: calc(-4% \/ 2 );\"><div class=\"fusion-layout-column fusion_builder_column fusion-builder-column-1 fusion_builder_column_1_1 1_1 fusion-flex-column\" style=\"--awb-bg-size:cover;--awb-width-large:100%;--awb-margin-top-large:0px;--awb-spacing-right-large:1.92%;--awb-margin-bottom-large:20px;--awb-spacing-left-large:1.92%;--awb-width-medium:100%;--awb-order-medium:0;--awb-spacing-right-medium:1.92%;--awb-spacing-left-medium:1.92%;--awb-width-small:100%;--awb-order-small:0;--awb-spacing-right-small:1.92%;--awb-spacing-left-small:1.92%;\"><div class=\"fusion-column-wrapper fusion-column-has-shadow fusion-flex-justify-content-flex-start fusion-content-layout-column\"><div class=\"fusion-title title fusion-title-1 fusion-title-center fusion-title-text fusion-title-size-one\"><div class=\"title-sep-container title-sep-container-left\"><div class=\"title-sep sep- sep-solid\" style=\"border-color:#e0dede;\"><\/div><\/div><span class=\"awb-title-spacer\"><\/span><h1 class=\"fusion-title-heading title-heading-center\" style=\"margin:0;\">Rendici\u00f3n <span style=\"color: #34ba3d;\">de<\/span> Cuentas<\/h1><span class=\"awb-title-spacer\"><\/span><div class=\"title-sep-container title-sep-container-right\"><div class=\"title-sep sep- sep-solid\" style=\"border-color:#e0dede;\"><\/div><\/div><\/div><div class=\"fusion-separator fusion-full-width-sep\" style=\"align-self: center;margin-left: auto;margin-right: auto;width:100%;\"><div class=\"fusion-separator-border sep-shadow\" style=\"--awb-height:20px;--awb-amount:20px;background:radial-gradient(ellipse at 50% -50% , #e0dede 0px, rgba(255, 255, 255, 0) 80%) repeat scroll 0 0 rgba(0, 0, 0, 0);background:-webkit-radial-gradient(ellipse at 50% -50% , #e0dede 0px, rgba(255, 255, 255, 0) 80%) repeat scroll 0 0 rgba(0, 0, 0, 0);background:-moz-radial-gradient(ellipse at 50% -50% , #e0dede 0px, rgba(255, 255, 255, 0) 80%) repeat scroll 0 0 rgba(0, 0, 0, 0);background:-o-radial-gradient(ellipse at 50% -50% , #e0dede 0px, rgba(255, 255, 255, 0) 80%) repeat scroll 0 0 rgba(0, 0, 0, 0);\"><\/div><\/div><\/div><\/div><\/div><\/div><div class=\"fusion-fullwidth fullwidth-box fusion-builder-row-3 fusion-flex-container nonhundred-percent-fullwidth non-hundred-percent-height-scrolling\" style=\"--awb-border-radius-top-left:0px;--awb-border-radius-top-right:0px;--awb-border-radius-bottom-right:0px;--awb-border-radius-bottom-left:0px;--awb-flex-wrap:wrap;\" ><div class=\"fusion-builder-row fusion-row fusion-flex-align-items-flex-start fusion-flex-content-wrap\" style=\"max-width:1248px;margin-left: calc(-4% \/ 2 );margin-right: calc(-4% \/ 2 );\"><div class=\"fusion-layout-column fusion_builder_column fusion-builder-column-2 fusion_builder_column_1_1 1_1 fusion-flex-column\" style=\"--awb-bg-size:cover;--awb-width-large:100%;--awb-margin-top-large:0px;--awb-spacing-right-large:1.92%;--awb-margin-bottom-large:20px;--awb-spacing-left-large:1.92%;--awb-width-medium:100%;--awb-order-medium:0;--awb-spacing-right-medium:1.92%;--awb-spacing-left-medium:1.92%;--awb-width-small:100%;--awb-order-small:0;--awb-spacing-right-small:1.92%;--awb-spacing-left-small:1.92%;\"><div class=\"fusion-column-wrapper fusion-column-has-shadow fusion-flex-justify-content-flex-start fusion-content-layout-column\"><\/div><\/div><\/div><\/div><div class=\"fusion-fullwidth fullwidth-box fusion-builder-row-4 fusion-flex-container nonhundred-percent-fullwidth non-hundred-percent-height-scrolling\" style=\"--awb-border-radius-top-left:0px;--awb-border-radius-top-right:0px;--awb-border-radius-bottom-right:0px;--awb-border-radius-bottom-left:0px;--awb-flex-wrap:wrap;\" ><div class=\"fusion-builder-row fusion-row fusion-flex-align-items-flex-start fusion-flex-content-wrap\" style=\"max-width:1248px;margin-left: calc(-4% \/ 2 );margin-right: calc(-4% \/ 2 );\"><div class=\"fusion-layout-column fusion_builder_column fusion-builder-column-3 fusion_builder_column_1_1 1_1 fusion-flex-column\" style=\"--awb-bg-size:cover;--awb-width-large:100%;--awb-margin-top-large:0px;--awb-spacing-right-large:1.92%;--awb-margin-bottom-large:20px;--awb-spacing-left-large:1.92%;--awb-width-medium:100%;--awb-order-medium:0;--awb-spacing-right-medium:1.92%;--awb-spacing-left-medium:1.92%;--awb-width-small:100%;--awb-order-small:0;--awb-spacing-right-small:1.92%;--awb-spacing-left-small:1.92%;\"><div class=\"fusion-column-wrapper fusion-column-has-shadow fusion-flex-justify-content-flex-start fusion-content-layout-column\"><\/div><\/div><\/div><\/div><div class=\"fusion-fullwidth fullwidth-box fusion-builder-row-5 fusion-flex-container nonhundred-percent-fullwidth non-hundred-percent-height-scrolling\" style=\"--awb-border-radius-top-left:0px;--awb-border-radius-top-right:0px;--awb-border-radius-bottom-right:0px;--awb-border-radius-bottom-left:0px;--awb-flex-wrap:wrap;\" ><div class=\"fusion-builder-row fusion-row fusion-flex-align-items-flex-start fusion-flex-content-wrap\" style=\"max-width:1248px;margin-left: calc(-4% \/ 2 );margin-right: calc(-4% \/ 2 );\"><div class=\"fusion-layout-column fusion_builder_column fusion-builder-column-4 fusion_builder_column_1_1 1_1 fusion-flex-column\" style=\"--awb-bg-size:cover;--awb-width-large:100%;--awb-margin-top-large:0px;--awb-spacing-right-large:1.92%;--awb-margin-bottom-large:20px;--awb-spacing-left-large:1.92%;--awb-width-medium:100%;--awb-order-medium:0;--awb-spacing-right-medium:1.92%;--awb-spacing-left-medium:1.92%;--awb-width-small:100%;--awb-order-small:0;--awb-spacing-right-small:1.92%;--awb-spacing-left-small:1.92%;\"><div class=\"fusion-column-wrapper fusion-column-has-shadow fusion-flex-justify-content-flex-start fusion-content-layout-column\"><div style=\"text-align:center;\"><a class=\"fusion-button button-3d button-large button-green fusion-button-green button-1 fusion-button-default-span \" target=\"_blank\" rel=\"noopener noreferrer\" href=\"https:\/\/forms.gle\/h4kXrwRb5AiGTeqC8\"><span class=\"fusion-button-text awb-button__text awb-button__text--default\">ENCUESTA DE EVALUACION DE LA JORNADA DE RENDICION DE CUENTAS 2025<\/span><\/a><\/div><\/div><\/div><\/div><\/div><div class=\"fusion-fullwidth fullwidth-box fusion-builder-row-6 fusion-flex-container nonhundred-percent-fullwidth non-hundred-percent-height-scrolling\" style=\"--awb-border-radius-top-left:0px;--awb-border-radius-top-right:0px;--awb-border-radius-bottom-right:0px;--awb-border-radius-bottom-left:0px;--awb-flex-wrap:wrap;\" ><div class=\"fusion-builder-row fusion-row fusion-flex-align-items-flex-start fusion-flex-content-wrap\" style=\"max-width:1248px;margin-left: calc(-4% \/ 2 );margin-right: calc(-4% \/ 2 );\"><div class=\"fusion-layout-column fusion_builder_column fusion-builder-column-5 fusion_builder_column_1_1 1_1 fusion-flex-column\" style=\"--awb-bg-size:cover;--awb-width-large:100%;--awb-margin-top-large:0px;--awb-spacing-right-large:1.92%;--awb-margin-bottom-large:20px;--awb-spacing-left-large:1.92%;--awb-width-medium:100%;--awb-order-medium:0;--awb-spacing-right-medium:1.92%;--awb-spacing-left-medium:1.92%;--awb-width-small:100%;--awb-order-small:0;--awb-spacing-right-small:1.92%;--awb-spacing-left-small:1.92%;\"><div class=\"fusion-column-wrapper fusion-column-has-shadow fusion-flex-justify-content-flex-start fusion-content-layout-column\"><div class=\"accordian fusion-accordian\" style=\"--awb-border-size:1px;--awb-icon-size:13px;--awb-content-font-size:14px;--awb-icon-alignment:left;--awb-hover-color:#f9f9f9;--awb-border-color:#cccccc;--awb-background-color:#ffffff;--awb-divider-color:#e0dede;--awb-divider-hover-color:#e0dede;--awb-icon-color:#ffffff;--awb-title-color:#333333;--awb-content-color:#747474;--awb-icon-box-color:#333333;--awb-toggle-hover-accent-color:#32ba3d;--awb-title-font-family:&quot;Barlow&quot;;--awb-title-font-weight:700;--awb-title-font-style:normal;--awb-title-font-size:14px;--awb-content-font-family:&quot;Barlow&quot;;--awb-content-font-style:normal;--awb-content-font-weight:500;\"><div class=\"panel-group fusion-toggle-icon-boxed\" id=\"accordion-6985-1\"><div class=\"fusion-panel panel-default panel-ac1f9dbb4e81f5e5f fusion-toggle-has-divider\" style=\"--awb-title-color:#333333;--awb-content-color:#747474;\"><div class=\"panel-heading\"><h4 class=\"panel-title toggle\" id=\"toggle_ac1f9dbb4e81f5e5f\"><a aria-expanded=\"false\" aria-controls=\"ac1f9dbb4e81f5e5f\" role=\"button\" data-toggle=\"collapse\" data-parent=\"#accordion-6985-1\" data-target=\"#ac1f9dbb4e81f5e5f\" href=\"#ac1f9dbb4e81f5e5f\"><span class=\"fusion-toggle-icon-wrapper\" aria-hidden=\"true\"><i class=\"fa-fusion-box active-icon awb-icon-minus\" aria-hidden=\"true\"><\/i><i class=\"fa-fusion-box inactive-icon awb-icon-plus\" aria-hidden=\"true\"><\/i><\/span><span class=\"fusion-toggle-heading\">2025<\/span><\/a><\/h4><\/div><div id=\"ac1f9dbb4e81f5e5f\" class=\"panel-collapse collapse \" aria-labelledby=\"toggle_ac1f9dbb4e81f5e5f\"><div class=\"panel-body toggle-content fusion-clearfix\">\n<ul>\n<li><a href=\"https:\/\/transitobucaramanga.gov.co\/dtb\/wp-content\/uploads\/2025\/11\/MA-DIR-002-MANUAL-ESTRATEGICO-DE-RENDICION-DE-CUENTAS-2025-V4-1.pdf\" target=\"_blank\" rel=\"noopener\">Manual Estrat\u00e9gico de Rendici\u00f3n de Cuentas<\/a><\/li>\n<li><a href=\"https:\/\/transitobucaramanga.gov.co\/dtb\/wp-content\/uploads\/2025\/12\/INFORME-RENDICION-DE-CUENTAS-2025.pdf\" target=\"_blank\" rel=\"noopener\">Informe Rendici\u00f3n de Cuentas 2025<\/a><\/li>\n<li><a href=\"https:\/\/transitobucaramanga.gov.co\/dtb\/wp-content\/uploads\/2025\/12\/Presentacion-Rendicion-Cuentas-2025-DTB.pptx\" target=\"_blank\" rel=\"noopener\">Presentaci\u00f3n Rendici\u00f3n de Cuentas DTB 2025<\/a><\/li>\n<li><a href=\"https:\/\/transitobucaramanga.gov.co\/dtb\/wp-content\/uploads\/2026\/04\/Plan-de-Mejoramiento-Institucional-\u2013-Rendicion-de-Cuentas-2025.pdf\" target=\"_blank\" rel=\"noopener\">Plan de Mejoramiento Institucional \u2013 Rendici\u00f3n de Cuentas 2025<\/a><\/li>\n<\/ul>\n<\/div><\/div><\/div><div class=\"fusion-panel panel-default panel-9558ea244dda185e1 fusion-toggle-has-divider\" style=\"--awb-title-color:#333333;--awb-content-color:#747474;\"><div class=\"panel-heading\"><h4 class=\"panel-title toggle\" id=\"toggle_9558ea244dda185e1\"><a aria-expanded=\"false\" aria-controls=\"9558ea244dda185e1\" role=\"button\" data-toggle=\"collapse\" data-parent=\"#accordion-6985-1\" data-target=\"#9558ea244dda185e1\" href=\"#9558ea244dda185e1\"><span class=\"fusion-toggle-icon-wrapper\" aria-hidden=\"true\"><i class=\"fa-fusion-box active-icon awb-icon-minus\" aria-hidden=\"true\"><\/i><i class=\"fa-fusion-box inactive-icon awb-icon-plus\" aria-hidden=\"true\"><\/i><\/span><span class=\"fusion-toggle-heading\">2024<\/span><\/a><\/h4><\/div><div id=\"9558ea244dda185e1\" class=\"panel-collapse collapse \" aria-labelledby=\"toggle_9558ea244dda185e1\"><div class=\"panel-body toggle-content fusion-clearfix\">\n<ul>\n<li><a href=\"https:\/\/transitobucaramanga.gov.co\/dtb\/wp-content\/uploads\/2024\/12\/MA-DIR-002-MANUAL-ESTRATEGICO-DE-RENDICION-DE-CUENTAS-2024.pdf\" target=\"_blank\" rel=\"noopener\">Manual de Estrategia de Rendici\u00f3n de Cuentas 2024<\/a><\/li>\n<li><a href=\"https:\/\/transitobucaramanga.gov.co\/dtb\/wp-content\/uploads\/2024\/12\/INFORME-DE-RENDICION-DE-CUENTAS-DTB-VIGENCIA-2024.pdf\" target=\"_blank\" rel=\"noopener\">Informe de Gesti\u00f3n de Rendici\u00f3n de Cuentas 2024<\/a><\/li>\n<li><a href=\"https:\/\/docs.google.com\/forms\/d\/e\/1FAIpQLSdH4IhQ7pAk942q64N22SBK5Ll69pxFhh-Wsvc0yw6ut4_O-Q\/viewform\" target=\"_blank\" rel=\"noopener\">Encuesta de Evaluaci\u00f3n de la Jornada de Rendici\u00f3n de Cuentas 2024<\/a><\/li>\n<\/ul>\n<\/div><\/div><\/div><div class=\"fusion-panel panel-default panel-331de29806e387583 fusion-toggle-has-divider\"><div class=\"panel-heading\"><h4 class=\"panel-title toggle\" id=\"toggle_331de29806e387583\"><a aria-expanded=\"false\" aria-controls=\"331de29806e387583\" role=\"button\" data-toggle=\"collapse\" data-parent=\"#accordion-6985-1\" data-target=\"#331de29806e387583\" href=\"#331de29806e387583\"><span class=\"fusion-toggle-icon-wrapper\" aria-hidden=\"true\"><i class=\"fa-fusion-box active-icon awb-icon-minus\" aria-hidden=\"true\"><\/i><i class=\"fa-fusion-box inactive-icon awb-icon-plus\" aria-hidden=\"true\"><\/i><\/span><span class=\"fusion-toggle-heading\">2023<\/span><\/a><\/h4><\/div><div id=\"331de29806e387583\" class=\"panel-collapse collapse \" aria-labelledby=\"toggle_331de29806e387583\"><div class=\"panel-body toggle-content fusion-clearfix\">\n<ul>\n<li><a href=\"https:\/\/docs.google.com\/forms\/d\/e\/1FAIpQLSdbwR6Flr0AwaLV2zGCC6dF4OcQSXCYG4K3N8ace2XfvmHH3Q\/viewform\" target=\"_blank\" rel=\"noopener\">Formulario de inscripci\u00f3n a la rendici\u00f3n de cuentas de la Direcci\u00f3n de Tr\u00e1nsito de Bucaramanga del 05 de diciembre de 2023<\/a><\/li>\n<li><a href=\"https:\/\/docs.google.com\/forms\/d\/e\/1FAIpQLSdS6HJRzFYYIOZyxebTDrucEZjIw0h6wlN5_NweDovyqQb5NA\/viewform\" target=\"_blank\" rel=\"noopener\">Encuesta de evaluaci\u00f3n de la jornada de rendici\u00f3n de cuentas 2023<\/a><\/li>\n<li><a href=\"https:\/\/transitobucaramanga.gov.co\/dtb\/wp-content\/uploads\/2023\/12\/Presentacion-Audiencia-Publica-de-Rendicion-de-Cuentas-\u2013-vigencia-2023.pdf\" target=\"_blank\" rel=\"noopener\">Presentaci\u00f3n Audiencia P\u00fablica de Rendici\u00f3n de Cuentas \u2013 vigencia 2023<\/a><\/li>\n<li><a href=\"https:\/\/transitobucaramanga.gov.co\/dtb\/wp-content\/uploads\/2023\/12\/Encuesta-de-evaluacion-jornada-de-Rendicion-de-Cuentas-de-la-Direccion-de-Transito-de-Bucaramanga-Formularios-de-Google.pdf\" target=\"_blank\" rel=\"noopener\">Resultados Encuesta de evaluaci\u00f3n de la jornada de rendici\u00f3n de cuentas 2023<\/a><\/li>\n<\/ul>\n<\/div><\/div><\/div><div class=\"fusion-panel panel-default panel-627221df57c3ae201 fusion-toggle-has-divider\"><div class=\"panel-heading\"><h4 class=\"panel-title toggle\" id=\"toggle_627221df57c3ae201\"><a aria-expanded=\"false\" aria-controls=\"627221df57c3ae201\" role=\"button\" data-toggle=\"collapse\" data-parent=\"#accordion-6985-1\" data-target=\"#627221df57c3ae201\" href=\"#627221df57c3ae201\"><span class=\"fusion-toggle-icon-wrapper\" aria-hidden=\"true\"><i class=\"fa-fusion-box active-icon awb-icon-minus\" aria-hidden=\"true\"><\/i><i class=\"fa-fusion-box inactive-icon awb-icon-plus\" aria-hidden=\"true\"><\/i><\/span><span class=\"fusion-toggle-heading\">2022<\/span><\/a><\/h4><\/div><div id=\"627221df57c3ae201\" class=\"panel-collapse collapse \" aria-labelledby=\"toggle_627221df57c3ae201\"><div class=\"panel-body toggle-content fusion-clearfix\">\n<p><a href=\"https:\/\/transitobucaramanga.gov.co\/dtb\/wp-content\/uploads\/2022\/09\/Informe-conversatorio-I-Semestre-2022.pdf\" target=\"_blank\" rel=\"noopener\">Informe conversatorio I Semestre 2022<\/a><\/p>\n<p><a href=\"https:\/\/transitobucaramanga.gov.co\/dtb\/wp-content\/uploads\/2022\/12\/Informe-capacitacion-RDC-2022.pdf\" target=\"_blank\" rel=\"noopener\">Informe jornada de capacitaci\u00f3n para la Rendici\u00f3n de Cuentas DTB<\/a><\/p>\n<p><a href=\"https:\/\/transitobucaramanga.gov.co\/dtb\/wp-content\/uploads\/2022\/12\/CAPACITACION-RENDICION-DE-CUENTAS-2022-.pdf\" target=\"_blank\" rel=\"noopener\">Capacitaci\u00f3n Metodolog\u00eda Rendici\u00f3n de Cuentas<\/a><\/p>\n<p><a href=\"https:\/\/transitobucaramanga.gov.co\/dtb\/wp-content\/uploads\/2022\/12\/INFORME-DE-GESTION-DTB-RDC-2022-191222.pdf\" target=\"_blank\" rel=\"noopener\">Informe Rendici\u00f3n de Cuentas 2022<\/a><\/p>\n<p><a href=\"https:\/\/transitobucaramanga.gov.co\/dtb\/wp-content\/uploads\/2022\/12\/Informe-Rendicion-de-Cuentas-vigencia-2022.pdf\" target=\"_blank\" rel=\"noopener\">Cumplimiento actividad dentro del componente de Rendici\u00f3n de Cuentas (conversatorio virtual con la comunidad)<\/a><\/p>\n<p><a href=\"https:\/\/transitobucaramanga.gov.co\/dtb\/wp-content\/uploads\/2022\/12\/Informe-actividad-Feria-RDC-2022.pdf\" target=\"_blank\" rel=\"noopener\">Cumplimiento actividad dentro del componente de Rendici\u00f3n de Cuentas (Dise\u00f1o y Realizaci\u00f3n de a Feria del Di\u00e1logo)<\/a><\/p>\n<\/div><\/div><\/div><div class=\"fusion-panel panel-default panel-f014ca107b8cd880f fusion-toggle-has-divider\"><div class=\"panel-heading\"><h4 class=\"panel-title toggle\" id=\"toggle_f014ca107b8cd880f\"><a aria-expanded=\"false\" aria-controls=\"f014ca107b8cd880f\" role=\"button\" data-toggle=\"collapse\" data-parent=\"#accordion-6985-1\" data-target=\"#f014ca107b8cd880f\" href=\"#f014ca107b8cd880f\"><span class=\"fusion-toggle-icon-wrapper\" aria-hidden=\"true\"><i class=\"fa-fusion-box active-icon awb-icon-minus\" aria-hidden=\"true\"><\/i><i class=\"fa-fusion-box inactive-icon awb-icon-plus\" aria-hidden=\"true\"><\/i><\/span><span class=\"fusion-toggle-heading\">2021<\/span><\/a><\/h4><\/div><div id=\"f014ca107b8cd880f\" class=\"panel-collapse collapse \" aria-labelledby=\"toggle_f014ca107b8cd880f\"><div class=\"panel-body toggle-content fusion-clearfix\">\n<ul>\n<li><a href=\"https:\/\/transitobucaramanga.gov.co\/dtb\/wp-content\/uploads\/2022\/09\/Informe-conversatorio-I-Semestre-2021.pdf\" target=\"_blank\" rel=\"noopener\">Informe conversatorio I Semestre 2021<\/a><\/li>\n<li><a href=\"https:\/\/transitobucaramanga.gov.co\/dtb\/wp-content\/uploads\/2022\/09\/Informe-Rendicion-II-Semestre-Consolidado-informe-2021.pdf\" target=\"_blank\" rel=\"noopener\">Informe Rendici\u00f3n II Semestre Consolidado informe 2021<\/a><\/li>\n<li><a href=\"https:\/\/transitobucaramanga.gov.co\/dtb\/wp-content\/uploads\/2022\/09\/Informe-Rendicion-de-Cuentas-2021.pdf\" target=\"_blank\" rel=\"noopener\">Informe Rendici\u00f3n de Cuentas 2021<\/a><\/li>\n<\/ul>\n<\/div><\/div><\/div><div class=\"fusion-panel panel-default panel-1417782ed6a6e0b0d fusion-toggle-has-divider\"><div class=\"panel-heading\"><h4 class=\"panel-title toggle\" id=\"toggle_1417782ed6a6e0b0d\"><a aria-expanded=\"false\" aria-controls=\"1417782ed6a6e0b0d\" role=\"button\" data-toggle=\"collapse\" data-parent=\"#accordion-6985-1\" data-target=\"#1417782ed6a6e0b0d\" href=\"#1417782ed6a6e0b0d\"><span class=\"fusion-toggle-icon-wrapper\" aria-hidden=\"true\"><i class=\"fa-fusion-box active-icon awb-icon-minus\" aria-hidden=\"true\"><\/i><i class=\"fa-fusion-box inactive-icon awb-icon-plus\" aria-hidden=\"true\"><\/i><\/span><span class=\"fusion-toggle-heading\">2019<\/span><\/a><\/h4><\/div><div id=\"1417782ed6a6e0b0d\" class=\"panel-collapse collapse \" aria-labelledby=\"toggle_1417782ed6a6e0b0d\"><div class=\"panel-body toggle-content fusion-clearfix\">\n<ul>\n<li><a href=\"https:\/\/transitobucaramanga.gov.co\/dtb\/wp-content\/uploads\/2021\/05\/Audiencias-publicas-de-rendicion-de-cuentas.pdf\" target=\"_blank\" rel=\"noopener\">Audiencia p\u00fablica de rendici\u00f3n de cuentas vigencia 2019<\/a><\/li>\n<li><a href=\"https:\/\/transitobucaramanga.gov.co\/dtb\/wp-content\/uploads\/2021\/05\/Cumplimiento-actividad-dentro-del-componente-de-Rendicion-de-Cuentas.pdf\" target=\"_blank\" rel=\"noopener\">Cumplimiento Actividad dentro del Componente de Rendici\u00f3n de Cuentas<\/a><\/li>\n<li><a href=\"https:\/\/transitobucaramanga.gov.co\/dtb\/wp-content\/uploads\/2021\/05\/Primer-conversatorio-Facebook-Live.pptx\" target=\"_blank\" rel=\"noopener\">Primer conversatorio Facebook Live<\/a><\/li>\n<li><a href=\"https:\/\/transitobucaramanga.gov.co\/dtb\/wp-content\/uploads\/2021\/05\/Rendicion-Publica-de-Cuentas-Logros-Alcanzados.pdf\" target=\"_blank\" rel=\"noopener\">Rendici\u00f3n P\u00fablica de Cuentas &#8211; Logros Alcanzados<\/a><\/li>\n<\/ul>\n<\/div><\/div><\/div><\/div><\/div><\/div><\/div><\/div><\/div><\/p>\n","protected":false},"excerpt":{"rendered":"","protected":false},"author":1,"featured_media":0,"parent":6598,"menu_order":0,"comment_status":"closed","ping_status":"closed","template":"","meta":{"footnotes":""},"class_list":["post-6985","page","type-page","status-publish","hentry"],"jetpack_sharing_enabled":true,"_links":{"self":[{"href":"https:\/\/transitobucaramanga.gov.co\/dtb\/wp-json\/wp\/v2\/pages\/6985","targetHints":{"allow":["GET"]}}],"collection":[{"href":"https:\/\/transitobucaramanga.gov.co\/dtb\/wp-json\/wp\/v2\/pages"}],"about":[{"href":"https:\/\/transitobucaramanga.gov.co\/dtb\/wp-json\/wp\/v2\/types\/page"}],"author":[{"embeddable":true,"href":"https:\/\/transitobucaramanga.gov.co\/dtb\/wp-json\/wp\/v2\/users\/1"}],"replies":[{"embeddable":true,"href":"https:\/\/transitobucaramanga.gov.co\/dtb\/wp-json\/wp\/v2\/comments?post=6985"}],"version-history":[{"count":62,"href":"https:\/\/transitobucaramanga.gov.co\/dtb\/wp-json\/wp\/v2\/pages\/6985\/revisions"}],"predecessor-version":[{"id":12264,"href":"https:\/\/transitobucaramanga.gov.co\/dtb\/wp-json\/wp\/v2\/pages\/6985\/revisions\/12264"}],"up":[{"embeddable":true,"href":"https:\/\/transitobucaramanga.gov.co\/dtb\/wp-json\/wp\/v2\/pages\/6598"}],"wp:attachment":[{"href":"https:\/\/transitobucaramanga.gov.co\/dtb\/wp-json\/wp\/v2\/media?parent=6985"}],"curies":[{"name":"wp","href":"https:\/\/api.w.org\/{rel}","templated":true}]}}