{"id":7017,"date":"2022-09-28T10:35:28","date_gmt":"2022-09-28T15:35:28","guid":{"rendered":"https:\/\/transitobucaramanga.gov.co\/dtb\/?page_id=7017"},"modified":"2022-09-28T10:52:06","modified_gmt":"2022-09-28T15:52:06","slug":"procedimientos-gestion-financiera","status":"publish","type":"page","link":"https:\/\/transitobucaramanga.gov.co\/dtb\/transparencia\/planeacion-presupuesto-e-informes\/procedimientos-gestion-financiera","title":{"rendered":"Procedimientos &#8211; Gesti\u00f3n Financiera"},"content":{"rendered":"<p><div class=\"fusion-fullwidth fullwidth-box fusion-builder-row-1 fusion-flex-container nonhundred-percent-fullwidth non-hundred-percent-height-scrolling\" style=\"--awb-border-radius-top-left:0px;--awb-border-radius-top-right:0px;--awb-border-radius-bottom-right:0px;--awb-border-radius-bottom-left:0px;--awb-flex-wrap:wrap;\" ><div class=\"fusion-builder-row fusion-row fusion-flex-align-items-flex-start fusion-flex-content-wrap\" style=\"max-width:1248px;margin-left: calc(-4% \/ 2 );margin-right: calc(-4% \/ 2 );\"><div class=\"fusion-layout-column fusion_builder_column fusion-builder-column-0 fusion_builder_column_1_1 1_1 fusion-flex-column\" style=\"--awb-bg-size:cover;--awb-width-large:100%;--awb-margin-top-large:0px;--awb-spacing-right-large:1.92%;--awb-margin-bottom-large:20px;--awb-spacing-left-large:1.92%;--awb-width-medium:100%;--awb-order-medium:0;--awb-spacing-right-medium:1.92%;--awb-spacing-left-medium:1.92%;--awb-width-small:100%;--awb-order-small:0;--awb-spacing-right-small:1.92%;--awb-spacing-left-small:1.92%;\"><div class=\"fusion-column-wrapper fusion-column-has-shadow fusion-flex-justify-content-flex-start fusion-content-layout-column\"><nav class=\"fusion-breadcrumbs fusion-breadcrumbs-1\" style=\"--awb-breadcrumb-sep:&#039;\/&#039;;\" aria-label=\"Breadcrumb\"><ol class=\"awb-breadcrumb-list\"><li class=\"fusion-breadcrumb-item awb-breadcrumb-sep awb-home\" ><a href=\"https:\/\/transitobucaramanga.gov.co\/dtb\" class=\"fusion-breadcrumb-link\"><span >Home<\/span><\/a><\/li><\/ol><\/nav><\/div><\/div><\/div><\/div><div class=\"fusion-fullwidth fullwidth-box fusion-builder-row-2 fusion-flex-container nonhundred-percent-fullwidth non-hundred-percent-height-scrolling\" style=\"--awb-border-radius-top-left:0px;--awb-border-radius-top-right:0px;--awb-border-radius-bottom-right:0px;--awb-border-radius-bottom-left:0px;--awb-flex-wrap:wrap;\" ><div class=\"fusion-builder-row fusion-row fusion-flex-align-items-flex-start fusion-flex-content-wrap\" style=\"max-width:1248px;margin-left: calc(-4% \/ 2 );margin-right: calc(-4% \/ 2 );\"><div class=\"fusion-layout-column fusion_builder_column fusion-builder-column-1 fusion_builder_column_1_1 1_1 fusion-flex-column\" style=\"--awb-bg-size:cover;--awb-width-large:100%;--awb-margin-top-large:0px;--awb-spacing-right-large:1.92%;--awb-margin-bottom-large:20px;--awb-spacing-left-large:1.92%;--awb-width-medium:100%;--awb-order-medium:0;--awb-spacing-right-medium:1.92%;--awb-spacing-left-medium:1.92%;--awb-width-small:100%;--awb-order-small:0;--awb-spacing-right-small:1.92%;--awb-spacing-left-small:1.92%;\"><div class=\"fusion-column-wrapper fusion-column-has-shadow fusion-flex-justify-content-flex-start fusion-content-layout-column\"><div class=\"fusion-title title fusion-title-1 fusion-title-center fusion-title-text fusion-title-size-one\"><div class=\"title-sep-container title-sep-container-left\"><div class=\"title-sep sep- sep-solid\" style=\"border-color:#e0dede;\"><\/div><\/div><span class=\"awb-title-spacer\"><\/span><h1 class=\"fusion-title-heading title-heading-center\" style=\"margin:0;\">Procedimientos &#8211; <span style=\"color: #34ba3d;\">Gesti\u00f3n Financiera<\/span><\/h1><span class=\"awb-title-spacer\"><\/span><div class=\"title-sep-container title-sep-container-right\"><div class=\"title-sep sep- sep-solid\" style=\"border-color:#e0dede;\"><\/div><\/div><\/div><div class=\"fusion-separator fusion-full-width-sep\" style=\"align-self: center;margin-left: auto;margin-right: auto;width:100%;\"><div class=\"fusion-separator-border sep-shadow\" style=\"--awb-height:20px;--awb-amount:20px;background:radial-gradient(ellipse at 50% -50% , #e0dede 0px, rgba(255, 255, 255, 0) 80%) repeat scroll 0 0 rgba(0, 0, 0, 0);background:-webkit-radial-gradient(ellipse at 50% -50% , #e0dede 0px, rgba(255, 255, 255, 0) 80%) repeat scroll 0 0 rgba(0, 0, 0, 0);background:-moz-radial-gradient(ellipse at 50% -50% , #e0dede 0px, rgba(255, 255, 255, 0) 80%) repeat scroll 0 0 rgba(0, 0, 0, 0);background:-o-radial-gradient(ellipse at 50% -50% , #e0dede 0px, rgba(255, 255, 255, 0) 80%) repeat scroll 0 0 rgba(0, 0, 0, 0);\"><\/div><\/div><\/div><\/div><\/div><\/div><div class=\"fusion-fullwidth fullwidth-box fusion-builder-row-3 fusion-flex-container nonhundred-percent-fullwidth non-hundred-percent-height-scrolling\" style=\"--awb-border-radius-top-left:0px;--awb-border-radius-top-right:0px;--awb-border-radius-bottom-right:0px;--awb-border-radius-bottom-left:0px;--awb-flex-wrap:wrap;\" ><div class=\"fusion-builder-row fusion-row fusion-flex-align-items-flex-start fusion-flex-content-wrap\" style=\"max-width:1248px;margin-left: calc(-4% \/ 2 );margin-right: calc(-4% \/ 2 );\"><div class=\"fusion-layout-column fusion_builder_column fusion-builder-column-2 fusion_builder_column_1_1 1_1 fusion-flex-column\" style=\"--awb-bg-size:cover;--awb-width-large:100%;--awb-margin-top-large:0px;--awb-spacing-right-large:1.92%;--awb-margin-bottom-large:20px;--awb-spacing-left-large:1.92%;--awb-width-medium:100%;--awb-order-medium:0;--awb-spacing-right-medium:1.92%;--awb-spacing-left-medium:1.92%;--awb-width-small:100%;--awb-order-small:0;--awb-spacing-right-small:1.92%;--awb-spacing-left-small:1.92%;\"><div class=\"fusion-column-wrapper fusion-column-has-shadow fusion-flex-justify-content-flex-start fusion-content-layout-column\"><ul style=\"--awb-line-height:23.8px;--awb-icon-width:23.8px;--awb-icon-height:23.8px;--awb-icon-margin:9.8px;--awb-content-margin:33.6px;\" class=\"fusion-checklist fusion-checklist-1 fusion-checklist-default type-icons\"><li class=\"fusion-li-item\" style=\"\"><span class=\"icon-wrapper circle-no\"><i class=\"fusion-li-icon awb-icon-check\" aria-hidden=\"true\"><\/i><\/span><div class=\"fusion-li-item-content\"><a href=\"https:\/\/transitobucaramanga.gov.co\/dtb\/wp-content\/uploads\/2022\/09\/PR-GFINA-001-Procedimiento-para-Planeacion-y-Control-de-Presupuesto-v.04.pdf\" target=\"_blank\" rel=\"noopener\">PR-GFINA-001 Procedimiento para Planeaci\u00f3n y Control de Presupuesto v.04<\/a><\/div><\/li><li class=\"fusion-li-item\" style=\"\"><span class=\"icon-wrapper circle-no\"><i class=\"fusion-li-icon awb-icon-check\" aria-hidden=\"true\"><\/i><\/span><div class=\"fusion-li-item-content\"><a href=\"https:\/\/transitobucaramanga.gov.co\/dtb\/wp-content\/uploads\/2022\/09\/PR-GFINA-002-Procedimiento-para-registro-de-ingresos-v.06.pdf\" target=\"_blank\" rel=\"noopener\">PR-GFINA-002 Procedimiento para registro de ingresos <\/a><\/div><\/li><li class=\"fusion-li-item\" style=\"\"><span class=\"icon-wrapper circle-no\"><i class=\"fusion-li-icon awb-icon-check\" aria-hidden=\"true\"><\/i><\/span><div class=\"fusion-li-item-content\"><a href=\"https:\/\/transitobucaramanga.gov.co\/dtb\/wp-content\/uploads\/2022\/09\/PR-GFINA-003-Solicitud-y-Expedicion-de-Certificados-de-Disponibilidad-Presupuestal-CDP-y-Certificados-de-Registro-presupuestal-CRP-v.08.pdf\" target=\"_blank\" rel=\"noopener\">PR-GFINA-003 Solicitud y Expedici\u00f3n de Certificados de Disponibilidad Presupuestal-CDP y Certificados de Registro presupuestal-CRP v.08<\/a><\/div><\/li><li class=\"fusion-li-item\" style=\"\"><span class=\"icon-wrapper circle-no\"><i class=\"fusion-li-icon awb-icon-check\" aria-hidden=\"true\"><\/i><\/span><div class=\"fusion-li-item-content\"><a href=\"https:\/\/transitobucaramanga.gov.co\/dtb\/wp-content\/uploads\/2022\/09\/PR-GFINA-004-Procedimiento-elaboracion-de-ordenes-de-pago-v.07.pdf\" target=\"_blank\" rel=\"noopener\">PR-GFINA-004 Procedimiento elaboraci\u00f3n de ordenes de pago v.07<\/a><\/div><\/li><li class=\"fusion-li-item\" style=\"\"><span class=\"icon-wrapper circle-no\"><i class=\"fusion-li-icon awb-icon-check\" aria-hidden=\"true\"><\/i><\/span><div class=\"fusion-li-item-content\"><a href=\"https:\/\/transitobucaramanga.gov.co\/dtb\/wp-content\/uploads\/2022\/09\/PR-GFINA-005-Procedimiento-para-pagos-v.05.pdf\" target=\"_blank\" rel=\"noopener\">PR-GFINA-005 Procedimiento para pagos v.05<\/a><\/div><\/li><li class=\"fusion-li-item\" style=\"\"><span class=\"icon-wrapper circle-no\"><i class=\"fusion-li-icon awb-icon-check\" aria-hidden=\"true\"><\/i><\/span><div class=\"fusion-li-item-content\"><a href=\"https:\/\/transitobucaramanga.gov.co\/dtb\/wp-content\/uploads\/2022\/09\/PR-GFINA-006-Procedimiento-para-ordenar-el-pago-de-nomina-v.07.pdf\" target=\"_blank\" rel=\"noopener\">PR-GFINA-006 Procedimiento para ordenar el pago de n\u00f3mina v.07<\/a><\/div><\/li><li class=\"fusion-li-item\" style=\"\"><span class=\"icon-wrapper circle-no\"><i class=\"fusion-li-icon awb-icon-check\" aria-hidden=\"true\"><\/i><\/span><div class=\"fusion-li-item-content\"><a href=\"https:\/\/transitobucaramanga.gov.co\/dtb\/wp-content\/uploads\/2022\/09\/PR-GFINA-007-Procedimiento-para-solicitud-y-legalizacion-de-viaticos-v.09.pdf\" target=\"_blank\" rel=\"noopener\">PR-GFINA-007 Procedimiento para solicitud y legalizaci\u00f3n de vi\u00e1ticos v.09<\/a><\/div><\/li><li class=\"fusion-li-item\" style=\"\"><span class=\"icon-wrapper circle-no\"><i class=\"fusion-li-icon awb-icon-check\" aria-hidden=\"true\"><\/i><\/span><div class=\"fusion-li-item-content\"><a href=\"https:\/\/transitobucaramanga.gov.co\/dtb\/wp-content\/uploads\/2022\/09\/PR-GFINA-008-Procedimiento-Elaboracion-de-Estados-Financieros-y-Formularios-de-Informacion-Publica-v.-07.pdf\" target=\"_blank\" rel=\"noopener\">PR-GFINA-008 Procedimiento Elaboraci\u00f3n de Estados Financieros y Formularios de Informaci\u00f3n P\u00fablica v. 07<\/a><\/div><\/li><li class=\"fusion-li-item\" style=\"\"><span class=\"icon-wrapper circle-no\"><i class=\"fusion-li-icon awb-icon-check\" aria-hidden=\"true\"><\/i><\/span><div class=\"fusion-li-item-content\"><a href=\"https:\/\/transitobucaramanga.gov.co\/dtb\/wp-content\/uploads\/2022\/09\/PR-GFINA-009-Procedimiento-para-Caja-Menor-v.09.pdf\" target=\"_blank\" rel=\"noopener\">PR-GFINA-009 Procedimiento para Caja Menor v.09<\/a><\/div><\/li><li class=\"fusion-li-item\" style=\"\"><span class=\"icon-wrapper circle-no\"><i class=\"fusion-li-icon awb-icon-check\" aria-hidden=\"true\"><\/i><\/span><div class=\"fusion-li-item-content\">\n<p><a href=\"https:\/\/transitobucaramanga.gov.co\/dtb\/wp-content\/uploads\/2022\/09\/PR-GFINA-010-Declaracion-de-obligaciones-tributarias-v.06.pdf\" target=\"_blank\" rel=\"noopener\">PR-GFINA-010 Declaraci\u00f3n de obligaciones tributarias v.06<\/a><\/p>\n<\/div><\/li><li class=\"fusion-li-item\" style=\"\"><span class=\"icon-wrapper circle-no\"><i class=\"fusion-li-icon awb-icon-check\" aria-hidden=\"true\"><\/i><\/span><div class=\"fusion-li-item-content\">\n<p><a href=\"https:\/\/transitobucaramanga.gov.co\/dtb\/wp-content\/uploads\/2022\/09\/PR-GFINA-011-Conciliaciones-bancarias-v.07.pdf\" target=\"_blank\" rel=\"noopener\">PR-GFINA-011 Conciliaciones bancarias v.07<\/a><\/p>\n<\/div><\/li><li class=\"fusion-li-item\" style=\"\"><span class=\"icon-wrapper circle-no\"><i class=\"fusion-li-icon awb-icon-check\" aria-hidden=\"true\"><\/i><\/span><div class=\"fusion-li-item-content\">\n<p><a href=\"https:\/\/transitobucaramanga.gov.co\/dtb\/wp-content\/uploads\/2022\/09\/PR-GFINA-013-Cuentas-Por-Pagar-v04.pdf\" target=\"_blank\" rel=\"noopener\">PR-GFINA-013 Cuentas Por Pagar v04<\/a><\/p>\n<\/div><\/li><li class=\"fusion-li-item\" style=\"\"><span class=\"icon-wrapper circle-no\"><i class=\"fusion-li-icon awb-icon-check\" aria-hidden=\"true\"><\/i><\/span><div class=\"fusion-li-item-content\">\n<p><a href=\"https:\/\/transitobucaramanga.gov.co\/dtb\/wp-content\/uploads\/2022\/09\/PR-GFINA-014-Procedimiento-definicion-de-traifas-para-los-tramistes-de-la-Direccion-de-Transito-de-Bucaramanga-v.03.pdf\" target=\"_blank\" rel=\"noopener\">PR-GFINA-014 Procedimiento definici\u00f3n de tarifas para los tr\u00e1mites de la Direcci\u00f3n de Transito de Bucaramanga v.03<\/a><\/p>\n<\/div><\/li><li class=\"fusion-li-item\" style=\"\"><span class=\"icon-wrapper circle-no\"><i class=\"fusion-li-icon awb-icon-check\" aria-hidden=\"true\"><\/i><\/span><div class=\"fusion-li-item-content\">\n<p><a href=\"https:\/\/transitobucaramanga.gov.co\/dtb\/wp-content\/uploads\/2022\/09\/PR-GFINA-015-Procedimiento-para-cobro-Persuasivo-v.04.pdf\" target=\"_blank\" rel=\"noopener\">PR-GFINA-015 Procedimiento para cobro Persuasivo v.04<\/a><\/p>\n<\/div><\/li><li class=\"fusion-li-item\" style=\"\"><span class=\"icon-wrapper circle-no\"><i class=\"fusion-li-icon awb-icon-check\" aria-hidden=\"true\"><\/i><\/span><div class=\"fusion-li-item-content\">\n<p><a href=\"https:\/\/transitobucaramanga.gov.co\/dtb\/wp-content\/uploads\/2022\/09\/PR-GFINA-016-Procedimiento-para-Cobro-Coactivo-V4.pdf\" target=\"_blank\" rel=\"noopener\">PR-GFINA-016 Procedimiento para Cobro Coactivo V4<\/a><\/p>\n<\/div><\/li><li class=\"fusion-li-item\" style=\"\"><span class=\"icon-wrapper circle-no\"><i class=\"fusion-li-icon awb-icon-check\" aria-hidden=\"true\"><\/i><\/span><div class=\"fusion-li-item-content\">\n<p><a href=\"https:\/\/transitobucaramanga.gov.co\/dtb\/wp-content\/uploads\/2022\/09\/PR-GFINA-017-Elaboracion-seguimiento-y-modificacion-del-PAC-v.01.pdf\" target=\"_blank\" rel=\"noopener\">PR-GFINA-017 Elaboraci\u00f3n, seguimiento y modificaci\u00f3n del PAC v.01<\/a><\/p>\n<\/div><\/li><\/ul><\/div><\/div><\/div><\/div><\/p>\n","protected":false},"excerpt":{"rendered":"","protected":false},"author":1,"featured_media":0,"parent":3054,"menu_order":0,"comment_status":"closed","ping_status":"closed","template":"","meta":{"footnotes":""},"class_list":["post-7017","page","type-page","status-publish","hentry"],"jetpack_sharing_enabled":true,"_links":{"self":[{"href":"https:\/\/transitobucaramanga.gov.co\/dtb\/wp-json\/wp\/v2\/pages\/7017","targetHints":{"allow":["GET"]}}],"collection":[{"href":"https:\/\/transitobucaramanga.gov.co\/dtb\/wp-json\/wp\/v2\/pages"}],"about":[{"href":"https:\/\/transitobucaramanga.gov.co\/dtb\/wp-json\/wp\/v2\/types\/page"}],"author":[{"embeddable":true,"href":"https:\/\/transitobucaramanga.gov.co\/dtb\/wp-json\/wp\/v2\/users\/1"}],"replies":[{"embeddable":true,"href":"https:\/\/transitobucaramanga.gov.co\/dtb\/wp-json\/wp\/v2\/comments?post=7017"}],"version-history":[{"count":5,"href":"https:\/\/transitobucaramanga.gov.co\/dtb\/wp-json\/wp\/v2\/pages\/7017\/revisions"}],"predecessor-version":[{"id":7028,"href":"https:\/\/transitobucaramanga.gov.co\/dtb\/wp-json\/wp\/v2\/pages\/7017\/revisions\/7028"}],"up":[{"embeddable":true,"href":"https:\/\/transitobucaramanga.gov.co\/dtb\/wp-json\/wp\/v2\/pages\/3054"}],"wp:attachment":[{"href":"https:\/\/transitobucaramanga.gov.co\/dtb\/wp-json\/wp\/v2\/media?parent=7017"}],"curies":[{"name":"wp","href":"https:\/\/api.w.org\/{rel}","templated":true}]}}